{"id":3274,"date":"2023-12-15T14:58:46","date_gmt":"2023-12-15T13:58:46","guid":{"rendered":"https:\/\/oko-swiss.ch\/allgemeine-verkaufsbedingungen\/"},"modified":"2025-02-18T10:38:42","modified_gmt":"2025-02-18T09:38:42","slug":"allgemeine-verkaufsbedingungen","status":"publish","type":"page","link":"https:\/\/oko-swiss.ch\/de\/allgemeine-verkaufsbedingungen\/","title":{"rendered":"Allgemeine Verkaufsbedingungen"},"content":{"rendered":"\t\t<div data-elementor-type=\"wp-page\" data-elementor-id=\"3274\" class=\"elementor elementor-3274 elementor-1578\" data-elementor-post-type=\"page\">\n\t\t\t\t\t\t<section class=\"elementor-section elementor-top-section elementor-element elementor-element-0757991 elementor-section-boxed elementor-section-height-default elementor-section-height-default\" data-id=\"0757991\" data-element_type=\"section\" data-e-type=\"section\">\n\t\t\t\t\t\t<div class=\"elementor-container elementor-column-gap-default\">\n\t\t\t\t\t<div class=\"elementor-column elementor-col-100 elementor-top-column elementor-element elementor-element-7e62759\" data-id=\"7e62759\" data-element_type=\"column\" data-e-type=\"column\">\n\t\t\t<div class=\"elementor-widget-wrap elementor-element-populated\">\n\t\t\t\t\t\t<div class=\"elementor-element elementor-element-2247786 elementor-widget elementor-widget-heading\" data-id=\"2247786\" data-element_type=\"widget\" data-e-type=\"widget\" data-widget_type=\"heading.default\">\n\t\t\t\t<div class=\"elementor-widget-container\">\n\t\t\t\t\t<h2 class=\"elementor-heading-title elementor-size-default\">Allgemeine Verkaufsbedingungen<\/h2>\t\t\t\t<\/div>\n\t\t\t\t<\/div>\n\t\t\t\t\t<\/div>\n\t\t<\/div>\n\t\t\t\t\t<\/div>\n\t\t<\/section>\n\t\t\t\t<section class=\"elementor-section elementor-top-section elementor-element elementor-element-71dcea5 elementor-section-boxed elementor-section-height-default elementor-section-height-default\" data-id=\"71dcea5\" data-element_type=\"section\" data-e-type=\"section\">\n\t\t\t\t\t\t<div class=\"elementor-container elementor-column-gap-default\">\n\t\t\t\t\t<div class=\"elementor-column elementor-col-100 elementor-top-column elementor-element elementor-element-649fbc0\" data-id=\"649fbc0\" data-element_type=\"column\" data-e-type=\"column\">\n\t\t\t<div class=\"elementor-widget-wrap elementor-element-populated\">\n\t\t\t\t\t\t<div class=\"elementor-element elementor-element-4d4355f elementor-widget elementor-widget-heading\" data-id=\"4d4355f\" data-element_type=\"widget\" data-e-type=\"widget\" data-widget_type=\"heading.default\">\n\t\t\t\t<div class=\"elementor-widget-container\">\n\t\t\t\t\t<h2 class=\"elementor-heading-title elementor-size-default\">Pr\u00e4ambel<\/h2>\t\t\t\t<\/div>\n\t\t\t\t<\/div>\n\t\t\t\t<div class=\"elementor-element elementor-element-1525e9d elementor-widget elementor-widget-text-editor\" data-id=\"1525e9d\" data-element_type=\"widget\" data-e-type=\"widget\" data-widget_type=\"text-editor.default\">\n\t\t\t\t<div class=\"elementor-widget-container\">\n\t\t\t\t\t\t\t\t\t<div>\n<ul>\n<li><b>Akzeptanz der Bedingungen<\/b><\/li>\n<\/ul>\n<p><b>Der Kunde erkennt an, zum Zeitpunkt der Auftragserteilung die auf der Website www.\u00f6ko-swiss.ch genannten Bedingungen zur Kenntnis genommen zu haben und erkl\u00e4rt ausdr\u00fccklich, diese vorbehaltlos zu akzeptieren. Diese Nutzungsbedingungen regeln das Vertragsverh\u00e4ltnis zwischen \u00d6ko Swiss und seinem Kunden, wobei beide Parteien diese vorbehaltlos akzeptieren.<\/b><\/p>\n<p><b>\u00a0<\/b><\/p>\n<p><b>Bestellung<\/b><\/p>\n<p><b>\u00a0<\/b><\/p>\n<p><b>Eine Bestellung schlie\u00dft ohne K\u00fcndigungsm\u00f6glichkeit wird in dem Moment aufgegeben, in dem der Kunde auf der Best\u00e4tigungsseite den Button &#8222;Bestellung best\u00e4tigen&#8220; dr\u00fcckt. Mit der Bestellung machen Sie uns ein Angebot, die von Ihnen auf unserer Website ausgew\u00e4hlten Produkte zu kaufen \u00d6ko Swiss best\u00e4tigt die Annahme seiner Bestellung an den Kunden an die E-Mail-Adresse, die dieser bei der Registrierung angegeben hat. \u00d6ko Swiss beh\u00e4lt sich das Recht vor, jede Bestellung eines Kunden zu stornieren, mit dem ein Rechtsstreit \u00fcber die Bezahlung einer fr\u00fcheren Bestellung besteht.<\/b><\/p>\n<p><b>\u00a0<\/b><\/p>\n<p><b>Bei Fehlern im Wortlaut der Lieferdaten des Empf\u00e4ngers haftet \u00d6ko Swiss nicht f\u00fcr die Unm\u00f6glichkeit, das Produkt zu liefern. Bei Nichtverf\u00fcgbarkeit vom Hersteller wird \u00d6ko Swiss daf\u00fcr sorgen, dass im Einvernehmen mit dem Kunden eine Ersatzl\u00f6sung gefunden wird.<\/b><\/p>\n<p><b>\u00a0<\/b><\/p>\n<p><b>Produkte<\/b><\/p>\n<p><b>\u00a0<\/b><\/p>\n<p><b>Fotografien, die die Produkte veranschaulichen, fallen nicht in den Vertragsbereich. Sind Fehler entstanden, kann \u00d6ko Swiss in keinem Fall haftbar gemacht werden. Technische Informationen und Links dienen nur zu Informationszwecken. Die technischen Spezifikationen und\/oder der Inhalt der gelieferten Produkte k\u00f6nnen von den vom Hersteller bereitgestellten oder auf seiner Website angezeigten Daten abweichen, normale Produktionstoleranzen gelten und es kann ein Unterschied zwischen den eingegebenen Daten und dem erhaltenen Produkt auftreten. Je nach Einstellung kann sich die Farbanzeige von Bildschirm zu Bildschirm unterscheiden. Wir k\u00f6nnen nicht garantieren, dass die Farben der Illustrationen genau mit denen der tats\u00e4chlichen Produkte \u00fcbereinstimmen.<\/b><\/p>\n<p><b>\u00a0<\/b><\/p>\n<p><b>Preis<\/b><\/p>\n<p><b>\u00a0<\/b><\/p>\n<p><b>Die Preise der Produkte verstehen sich in Schweizer Franken (CHF), inklusive Schweizer Mehrwertsteuer, ohne Verpackungs- und Versandkosten. \u00d6ko Swiss beh\u00e4lt sich das Recht vor, die Preise jederzeit zu \u00e4ndern. Die auf der Bestellbest\u00e4tigung angegebenen Preise sind verbindlich, auch bei Abweichungen zwischen dem Bestelldatum und dem Lieferdatum der Ware.<\/b><\/p>\n<p><b>\u00a0<\/b><\/p>\n<p><b>Verf\u00fcgbarkeit der Produkte<\/b><\/p>\n<p><b>\u00a0<\/b><\/p>\n<p><b>Wir m\u00f6chten jedoch klarstellen, dass es m\u00f6glich sein k\u00f6nnte, dass einige Artikel zum Zeitpunkt Ihrer Bestellung nicht mehr auf Lager sind. Sollte sich dieser Fall ergeben, w\u00fcrden Sie sofort per E-Mail benachrichtigt und eine L\u00f6sung wird Ihnen angeboten (siehe &#8222;Lieferzeit&#8220;).<\/b><\/p>\n<p><b>\u00a0<\/b><\/p>\n<p><b>Zahlungsmethoden<\/b><\/p>\n<p><b>\u00a0<\/b><\/p>\n<p><b>Die Bezahlung Ihrer Bestellung erfolgt \u00fcber TWINT, Post Finance Card , PostFinance E-Finance , Visa, Mastercard, Maestro, Apple Pay, Samsung Pay, Paypal,Sofort<\/b><\/p>\n<p><b>\u00a0<\/b><\/p>\n<p><b>Ihre Bestellung wird nach Eingang Ihrer Zahlung best\u00e4tigt.<\/b><\/p>\n<p><b>\u00a0<\/b><\/p>\n<p><b>Die Ware bleibt bis zur Erhebung des damit verbundenen Betrags Eigentum von \u00d6ko Swiss.<\/b><\/p>\n<p><b>\u00a0<\/b><\/p>\n<p><b>\u00d6ko Swiss speichert keine Bankdaten.<\/b><\/p>\n<p><b>\u00a0<\/b><\/p>\n<p><b>Lieferzeit<\/b><\/p>\n<p><b>\u00a0<\/b><\/p>\n<p><b>Eine angenommene Bestellung wird von \u00d6ko Swiss so schnell wie m\u00f6glich ausgef\u00fchrt. Wenn die Bestellung versandt wird, wird Ihnen eine Best\u00e4tigungs-E-Mail zugesandt.<\/b><\/p>\n<p><b>\u00a0<\/b><\/p>\n<p><b>Nach Erhalt Ihrer Bestellung pr\u00fcfen wir die Verf\u00fcgbarkeit des\/der bestellten Produkte(s). Bei Nichtverf\u00fcgbarkeit verpflichten wir uns, Ihnen innerhalb von 60 Tagen ab Best\u00e4tigung der Bestellung das bestellte Produkt zu liefern oder Ihnen eine R\u00fcckerstattung zu erstatten, wenn die Lieferung nicht nach 60 Tagen, dem Datum der Best\u00e4tigung der Bestellung, erfolgt ist.<\/b><\/p>\n<p><b>\u00a0<\/b><\/p>\n<p><b>Das Datum der Best\u00e4tigung der Bestellung entspricht:<\/b><\/p>\n<p><b>\u00a0<\/b><\/p>\n<p><b>Das Datum der Bestellung bei Online-Kreditkartenzahlung.<\/b><\/p>\n<p><b>\u00a0<\/b><\/p>\n<p><b>Das Datum des Eingangs der \u00dcberweisung bei Zahlung per Bank\u00fcberweisung.<\/b><\/p>\n<p><b>\u00a0<\/b><\/p>\n<p><b>Bei Nichtvorrat an einem der Produkte in Ihrer Bestellung k\u00f6nnen wir den Rest Ihrer Bestellung mit Ihrer Zustimmung versenden. Die Fristen werden von Rechts wegen verl\u00e4ngert, wenn Verz\u00f6gerungen, die nicht \u00d6ko Swiss zuzurechnen sind, oder bei h\u00f6herer Gewalt, die \u00d6ko Swiss die Erf\u00fcllung des gesamten Vertrages oder teilweise nicht m\u00f6glich machen, verl\u00e4ngert.<\/b><\/p>\n<p><b>\u00a0<\/b><\/p>\n<p><b>Lieferung<\/b><\/p>\n<p><b>\u00a0<\/b><\/p>\n<p><b>Der Versandbereich aller unserer Produkte ist vorerst auf die im Shop angegebenen L\u00e4nder beschr\u00e4nkt.<\/b><\/p>\n<p><b>\u00a0<\/b><\/p>\n<p><b>Wenn Ihre Bestellung mehrere Artikel enth\u00e4lt, kann Ihre Lieferung in mehreren Paketen erfolgen. Die Sendungen werden per Post bef\u00f6rdert.<\/b><\/p>\n<p><b>\u00a0<\/b><\/p>\n<p><b>Ein m\u00f6glicher Transportschaden muss sofort bei der Post gemeldet und uns gemeldet werden. Sie m\u00fcssen die Konformit\u00e4t der gelieferten Ware \u00fcberpr\u00fcfen.<\/b><\/p>\n<p><b>\u00a0<\/b><\/p>\n<p><b>Garantie<\/b><\/p>\n<p><b>\u00a0<\/b><\/p>\n<p><b>\u00d6ko Swiss garantiert, dass sie keine M\u00e4ngel aufweist, die ihren Wert oder ihre Eignung f\u00fcr die beabsichtigte Nutzung verringern, und erf\u00fcllt die beschriebenen Spezifikationen und Leistungen.<\/b><\/p>\n<p><b>\u00a0<\/b><\/p>\n<p><b>Die Garantie deckt keine Sch\u00e4den durch Missbrauch ab.<\/b><\/p>\n<p><b>\u00a0<\/b><\/p>\n<p><b>Der K\u00e4ufer erh\u00e4lt kostenlos die 30-Tage-Garantie von \u00d6KO Swiss.<\/b><\/p>\n<p><b>\u00a0<\/b><\/p>\n<p><b>\u00d6KO Swiss haftet nicht f\u00fcr den Missbrauch und\/oder die intensive Nutzung der Artikel, die der Kunde daraus machen k\u00f6nnte.<\/b><\/p>\n<p><b>\u00a0<\/b><\/p>\n<p><b>Das Verfahren f\u00fcr eine eventuelle Service-Unterst\u00fctzung:<\/b><\/p>\n<p><b>\u00a0<\/b><\/p>\n<p><b>Senden Sie ein Foto, auch wenn der Mangel nicht offensichtlich ist, und eine genaue Beschreibung des Problems per E-Mail an contact@oko-swiss.ch unter Angabe der Bestellnummer.<\/b><\/p>\n<p><b>\u00a0<\/b><\/p>\n<p><b>Nach Erhalt dieser Informationen entscheidet \u00d6ko Swiss, ob das\/die Produkt(e) im Service \u00fcbernommen wird oder nicht.<\/b><\/p>\n<p><b>\u00a0<\/b><\/p>\n<p><b>Der K\u00e4ufer wird das eigene Produkt zusammen mit der Bestellnummer zusenden.<\/b><\/p>\n<p><b>\u00a0<\/b><\/p>\n<p><b>Nach Erhalt der R\u00fccksendung wird die \u00d6ko Swiss das\/die Produkt(e) auf eigene Kosten durch eine neue Sendung umtauschen.<\/b><\/p>\n<p><b>\u00a0<\/b><\/p>\n<p><b>Ausschluss<\/b><\/p>\n<p><b>\u00a0<\/b><\/p>\n<p><b>Die Garantie deckt nicht ab:<\/b><\/p>\n<p><b>\u00a0<\/b><\/p>\n<p><b>Die abnormale oder nicht konforme Verwendung der Produkte. \u00d6ko Swiss fordert in diesem Zusammenhang den K\u00e4ufer auf, die mit den Produkten gelieferte Gebrauchsanweisung sorgf\u00e4ltig zu lesen,<\/b><\/p>\n<p><b>\u00a0<\/b><\/p>\n<p><b>M\u00e4ngel und deren Folgen im Zusammenhang mit der Verwendung, die nicht dem Zweck entspricht, f\u00fcr den das Produkt bestimmt ist,<\/b><\/p>\n<p><b>\u00a0<\/b><\/p>\n<p><b>M\u00e4ngel und deren Folgen im Zusammenhang mit jeglicher \u00e4u\u00dferen Ursache,<\/b><\/p>\n<p><b>\u00a0<\/b><\/p>\n<p><b>Sch\u00e4den am Filtermedium durch eine vom Hersteller verbotene Verwendung wie das Filtern von Limonaden, Colas, Hei\u00dfgetr\u00e4nken und allem, was nicht Wasser ist, verursacht werden,<\/b><\/p>\n<p><b>\u00a0<\/b><\/p>\n<p><b>Sch\u00e4den, die durch einen Sturz oder eine falsche Handhabung durch den Kunden verursacht werden.<\/b><\/p>\n<p><b>\u00a0<\/b><\/p>\n<p><b>Schlechte Wartung, unsachgem\u00e4\u00dfe Handhabung, Nichteinhaltung der Gebrauchsanweisung, normaler Verschlei\u00df, einschlie\u00dflich Farbsplitter oder Kratzer, sowie alle Sch\u00e4den, die durch unbefugte \u00c4nderung oder Reparatur, Unfall, Hitze, \u00fcberm\u00e4\u00dfige Sonneneinstrahlung oder schlechte Lagerung verursacht werden.<\/b><\/p>\n<p><b>\u00a0<\/b><\/p>\n<p><b>R\u00fcckkehr<\/b><\/p>\n<p><b>\u00a0<\/b><\/p>\n<p><b>Bei Fehlern, M\u00e4ngeln oder Nicht\u00fcbereinstimmung der Produkte hat der K\u00e4ufer 7 Tage nach Erhalt der Ware Zeit, um die bestellten Produkte an \u00d6ko Swiss zum Umtausch oder zur R\u00fcckerstattung ohne Strafe zur\u00fcckzusenden, mit Ausnahme der Kosten f\u00fcr die R\u00fccksendung.<\/b><\/p>\n<p><b>\u00a0<\/b><\/p>\n<p><b>Alle R\u00fccksendeanfragen m\u00fcssen per E-Mail erfolgen. Die zur\u00fcckgegebenen Produkte m\u00fcssen vollst\u00e4ndig, neu, unbenutzt, in ihrem urspr\u00fcnglichen Zustand und mit Zubeh\u00f6r sowie einer Kopie der Rechnung ausgestattet sein.<\/b><\/p>\n<p><b>\u00a0<\/b><\/p>\n<p><b>Die Kosten f\u00fcr die R\u00fccksendung gehen zu Lasten des K\u00e4ufers, der die Produkte in der Original- und Versandverpackung von \u00d6ko Swiss zur\u00fccksenden muss. Bei Nichteinhaltung der vorstehenden Bestimmungen wird eine Bearbeitungsgeb\u00fchr in H\u00f6he von CHF 30.- erhoben und vom Betrag zugunsten des K\u00e4ufers belastet.<\/b><\/p>\n<p><b>\u00a0<\/b><\/p>\n<p><b>Streitigkeiten<\/b><\/p>\n<p><b>\u00a0<\/b><\/p>\n<p><b>Im Streitfall wird sich der K\u00e4ufer vorrangig an \u00d6ko Swiss wenden, die sich bem\u00fchen wird, mit ihm eine f\u00fcr alle Parteien akzeptable L\u00f6sung zu finden. Dieser Vertrag unterliegt dem schweizerischen Recht. F\u00fcr alle anderen F\u00e4lle, die nicht in diesen Verkaufsbedingungen geregelt sind, gilt das Schweizerische Anleihengesetzbuch. Das exklusive Forum befindet sich in Neuenburg (Schweiz).<\/b><\/p>\n<p><b>\u00a0<\/b><\/p>\n<p><b>\u00d6ko Swiss haftet nicht f\u00fcr Sch\u00e4den jeglicher Art, sowohl materielle noch immaterielle oder k\u00f6rperliche Sch\u00e4den, die sich aus einer Fehlfunktion oder einem Missbrauch der vermarkteten Produkte ergeben k\u00f6nnten. Gleiches gilt f\u00fcr eventuelle \u00c4nderungen der Produkte, die sich aus den Herstellern ergeben. Die Haftung von \u00d6ko Swiss ist in jedem Fall auf den Bestellbetrag beschr\u00e4nkt und kann nicht f\u00fcr einfache Fehler oder Auslassungen in Frage gestellt werden, die trotz aller bei der Produktpr\u00e4sentation getroffenen Vorsichtsma\u00dfnahmen h\u00e4tten bestehen k\u00f6nnen. Die Auswahl und der Kauf eines Produkts oder einer Dienstleistung liegt in der alleinigen Verantwortung des Kunden. Die vollst\u00e4ndige oder teilweise Unm\u00f6glichkeit, die Produkte insbesondere aufgrund der Unvereinbarkeit des Materials zu verwenden, kann zu keiner Entsch\u00e4digung, R\u00fcckerstattung oder Anfechtung der Haftung von \u00d6ko Swiss f\u00fchren, au\u00dfer im Falle eines nachgewiesenen versteckten Mangels, einer Nicht\u00fcbereinstimmung, eines Mangels oder der Aus\u00fcbung des beabsichtigten Widerrufsrechts.<\/b><\/p>\n<p><b>\u00a0<\/b><\/p>\n<p><b>Datenschutz<\/b><\/p>\n<p><b>\u00a0<\/b><\/p>\n<p><b>Die Angabe der im Rahmen des Fernabsatzes erhobenen personenbezogenen Daten ist obligatorisch, da diese Informationen f\u00fcr die Bearbeitung und Lieferung von Bestellungen sowie f\u00fcr die Erstellung von Rechnungen erforderlich sind. \u00d6ko Swiss verpflichtet sich, die Bestimmungen des Bundesdatenschutzgesetzes einzuhalten. Alle vom Kunden \u00fcbermittelten personenbezogenen Daten werden vertraulich behandelt und in keinem Fall an Dritte weitergegeben. Der Kunde hat die M\u00f6glichkeit, seine personenbezogenen Daten jederzeit zu \u00e4ndern.<\/b><\/p>\n<p><b>\u00a0<\/b><\/p>\n<p><b>Copyright<\/b><\/p>\n<p><b>\u00a0<\/b><\/p>\n<p><b>\u00d6ko Swiss beh\u00e4lt sich das Recht zur Verbreitung und Vervielf\u00e4ltigung aller auf der Website www.\u00f6ko-swiss.ch zur Verf\u00fcgung gestellten Daten vor und verbietet die Verbreitung sowie die Vervielf\u00e4ltigung aller Dokumente, Bilder, Logos, Textausschnitte, technischen Spezifikationen, die von der Website entnommen werden k\u00f6nnen, ohne schriftliche Genehmigung.<\/b><\/p>\n<\/div>\n\t\t\t\t\t\t\t\t<\/div>\n\t\t\t\t<\/div>\n\t\t\t\t\t<\/div>\n\t\t<\/div>\n\t\t\t\t\t<\/div>\n\t\t<\/section>\n\t\t\t\t<\/div>\n\t\t","protected":false},"excerpt":{"rendered":"<p>Allgemeine Verkaufsbedingungen Pr\u00e4ambel Akzeptanz der Bedingungen Der Kunde erkennt an, zum Zeitpunkt der Auftragserteilung die auf der Website www.\u00f6ko-swiss.ch genannten Bedingungen zur Kenntnis genommen zu haben und erkl\u00e4rt ausdr\u00fccklich, diese vorbehaltlos zu akzeptieren. Diese Nutzungsbedingungen regeln das Vertragsverh\u00e4ltnis zwischen \u00d6ko Swiss und seinem Kunden, wobei beide Parteien diese vorbehaltlos akzeptieren. \u00a0 Bestellung \u00a0 Eine Bestellung [&hellip;]<\/p>\n","protected":false},"author":1,"featured_media":0,"parent":0,"menu_order":0,"comment_status":"closed","ping_status":"closed","template":"elementor_header_footer","meta":{"_acf_changed":false,"footnotes":""},"class_list":["post-3274","page","type-page","status-publish","hentry"],"acf":[],"yoast_head":"<!-- This site is optimized with the Yoast SEO plugin v27.4 - https:\/\/yoast.com\/product\/yoast-seo-wordpress\/ -->\n<title>Allgemeine Verkaufsbedingungen - \u00d6KO<\/title>\n<meta name=\"robots\" content=\"index, follow, max-snippet:-1, max-image-preview:large, max-video-preview:-1\" \/>\n<link rel=\"canonical\" href=\"https:\/\/oko-swiss.ch\/conditions-generales-de-vente\/\" \/>\n<meta property=\"og:locale\" content=\"de_DE\" \/>\n<meta property=\"og:type\" content=\"article\" \/>\n<meta property=\"og:title\" content=\"Allgemeine Verkaufsbedingungen - \u00d6KO\" \/>\n<meta property=\"og:description\" content=\"Allgemeine Verkaufsbedingungen Pr\u00e4ambel Akzeptanz der Bedingungen Der Kunde erkennt an, zum Zeitpunkt der Auftragserteilung die auf der Website www.\u00f6ko-swiss.ch genannten Bedingungen zur Kenntnis genommen zu haben und erkl\u00e4rt ausdr\u00fccklich, diese vorbehaltlos zu akzeptieren. Diese Nutzungsbedingungen regeln das Vertragsverh\u00e4ltnis zwischen \u00d6ko Swiss und seinem Kunden, wobei beide Parteien diese vorbehaltlos akzeptieren. \u00a0 Bestellung \u00a0 Eine Bestellung [&hellip;]\" \/>\n<meta property=\"og:url\" content=\"https:\/\/oko-swiss.ch\/conditions-generales-de-vente\/\" \/>\n<meta property=\"og:site_name\" content=\"\u00d6KO\" \/>\n<meta property=\"article:publisher\" content=\"https:\/\/www.facebook.com\/profile.php?id=61553929983457\" \/>\n<meta property=\"article:modified_time\" content=\"2025-02-18T09:38:42+00:00\" \/>\n<meta name=\"twitter:card\" content=\"summary_large_image\" \/>\n<meta name=\"twitter:label1\" content=\"Gesch\u00e4tzte Lesezeit\" \/>\n\t<meta name=\"twitter:data1\" content=\"7\u00a0Minuten\" \/>\n<script type=\"application\/ld+json\" class=\"yoast-schema-graph\">{\"@context\":\"https:\\\/\\\/schema.org\",\"@graph\":[{\"@type\":\"WebPage\",\"@id\":\"https:\\\/\\\/oko-swiss.ch\\\/conditions-generales-de-vente\\\/\",\"url\":\"https:\\\/\\\/oko-swiss.ch\\\/conditions-generales-de-vente\\\/\",\"name\":\"Allgemeine Verkaufsbedingungen - \u00d6KO\",\"isPartOf\":{\"@id\":\"https:\\\/\\\/oko-swiss.ch\\\/#website\"},\"datePublished\":\"2023-12-15T13:58:46+00:00\",\"dateModified\":\"2025-02-18T09:38:42+00:00\",\"breadcrumb\":{\"@id\":\"https:\\\/\\\/oko-swiss.ch\\\/conditions-generales-de-vente\\\/#breadcrumb\"},\"inLanguage\":\"de\",\"potentialAction\":[{\"@type\":\"ReadAction\",\"target\":[\"https:\\\/\\\/oko-swiss.ch\\\/conditions-generales-de-vente\\\/\"]}]},{\"@type\":\"BreadcrumbList\",\"@id\":\"https:\\\/\\\/oko-swiss.ch\\\/conditions-generales-de-vente\\\/#breadcrumb\",\"itemListElement\":[{\"@type\":\"ListItem\",\"position\":1,\"name\":\"Accueil\",\"item\":\"https:\\\/\\\/oko-swiss.ch\\\/\"},{\"@type\":\"ListItem\",\"position\":2,\"name\":\"Allgemeine Verkaufsbedingungen\"}]},{\"@type\":\"WebSite\",\"@id\":\"https:\\\/\\\/oko-swiss.ch\\\/#website\",\"url\":\"https:\\\/\\\/oko-swiss.ch\\\/\",\"name\":\"\u00d6KO Swiss\",\"description\":\"Gourde Filtrante \u00c9co-responsable\",\"publisher\":{\"@id\":\"https:\\\/\\\/oko-swiss.ch\\\/#organization\"},\"potentialAction\":[{\"@type\":\"SearchAction\",\"target\":{\"@type\":\"EntryPoint\",\"urlTemplate\":\"https:\\\/\\\/oko-swiss.ch\\\/?s={search_term_string}\"},\"query-input\":{\"@type\":\"PropertyValueSpecification\",\"valueRequired\":true,\"valueName\":\"search_term_string\"}}],\"inLanguage\":\"de\"},{\"@type\":\"Organization\",\"@id\":\"https:\\\/\\\/oko-swiss.ch\\\/#organization\",\"name\":\"Gourde filtrante\",\"url\":\"https:\\\/\\\/oko-swiss.ch\\\/\",\"logo\":{\"@type\":\"ImageObject\",\"inLanguage\":\"de\",\"@id\":\"https:\\\/\\\/oko-swiss.ch\\\/#\\\/schema\\\/logo\\\/image\\\/\",\"url\":\"https:\\\/\\\/oko-swiss.ch\\\/wp-content\\\/uploads\\\/2023\\\/11\\\/Oko-Swiss-01.png\",\"contentUrl\":\"https:\\\/\\\/oko-swiss.ch\\\/wp-content\\\/uploads\\\/2023\\\/11\\\/Oko-Swiss-01.png\",\"width\":2560,\"height\":1978,\"caption\":\"Gourde filtrante\"},\"image\":{\"@id\":\"https:\\\/\\\/oko-swiss.ch\\\/#\\\/schema\\\/logo\\\/image\\\/\"},\"sameAs\":[\"https:\\\/\\\/www.facebook.com\\\/profile.php?id=61553929983457\"]}]}<\/script>\n<!-- \/ Yoast SEO plugin. -->","yoast_head_json":{"title":"Allgemeine Verkaufsbedingungen - \u00d6KO","robots":{"index":"index","follow":"follow","max-snippet":"max-snippet:-1","max-image-preview":"max-image-preview:large","max-video-preview":"max-video-preview:-1"},"canonical":"https:\/\/oko-swiss.ch\/conditions-generales-de-vente\/","og_locale":"de_DE","og_type":"article","og_title":"Allgemeine Verkaufsbedingungen - \u00d6KO","og_description":"Allgemeine Verkaufsbedingungen Pr\u00e4ambel Akzeptanz der Bedingungen Der Kunde erkennt an, zum Zeitpunkt der Auftragserteilung die auf der Website www.\u00f6ko-swiss.ch genannten Bedingungen zur Kenntnis genommen zu haben und erkl\u00e4rt ausdr\u00fccklich, diese vorbehaltlos zu akzeptieren. Diese Nutzungsbedingungen regeln das Vertragsverh\u00e4ltnis zwischen \u00d6ko Swiss und seinem Kunden, wobei beide Parteien diese vorbehaltlos akzeptieren. \u00a0 Bestellung \u00a0 Eine Bestellung [&hellip;]","og_url":"https:\/\/oko-swiss.ch\/conditions-generales-de-vente\/","og_site_name":"\u00d6KO","article_publisher":"https:\/\/www.facebook.com\/profile.php?id=61553929983457","article_modified_time":"2025-02-18T09:38:42+00:00","twitter_card":"summary_large_image","twitter_misc":{"Gesch\u00e4tzte Lesezeit":"7\u00a0Minuten"},"schema":{"@context":"https:\/\/schema.org","@graph":[{"@type":"WebPage","@id":"https:\/\/oko-swiss.ch\/conditions-generales-de-vente\/","url":"https:\/\/oko-swiss.ch\/conditions-generales-de-vente\/","name":"Allgemeine Verkaufsbedingungen - \u00d6KO","isPartOf":{"@id":"https:\/\/oko-swiss.ch\/#website"},"datePublished":"2023-12-15T13:58:46+00:00","dateModified":"2025-02-18T09:38:42+00:00","breadcrumb":{"@id":"https:\/\/oko-swiss.ch\/conditions-generales-de-vente\/#breadcrumb"},"inLanguage":"de","potentialAction":[{"@type":"ReadAction","target":["https:\/\/oko-swiss.ch\/conditions-generales-de-vente\/"]}]},{"@type":"BreadcrumbList","@id":"https:\/\/oko-swiss.ch\/conditions-generales-de-vente\/#breadcrumb","itemListElement":[{"@type":"ListItem","position":1,"name":"Accueil","item":"https:\/\/oko-swiss.ch\/"},{"@type":"ListItem","position":2,"name":"Allgemeine Verkaufsbedingungen"}]},{"@type":"WebSite","@id":"https:\/\/oko-swiss.ch\/#website","url":"https:\/\/oko-swiss.ch\/","name":"\u00d6KO Swiss","description":"Gourde Filtrante \u00c9co-responsable","publisher":{"@id":"https:\/\/oko-swiss.ch\/#organization"},"potentialAction":[{"@type":"SearchAction","target":{"@type":"EntryPoint","urlTemplate":"https:\/\/oko-swiss.ch\/?s={search_term_string}"},"query-input":{"@type":"PropertyValueSpecification","valueRequired":true,"valueName":"search_term_string"}}],"inLanguage":"de"},{"@type":"Organization","@id":"https:\/\/oko-swiss.ch\/#organization","name":"Gourde filtrante","url":"https:\/\/oko-swiss.ch\/","logo":{"@type":"ImageObject","inLanguage":"de","@id":"https:\/\/oko-swiss.ch\/#\/schema\/logo\/image\/","url":"https:\/\/oko-swiss.ch\/wp-content\/uploads\/2023\/11\/Oko-Swiss-01.png","contentUrl":"https:\/\/oko-swiss.ch\/wp-content\/uploads\/2023\/11\/Oko-Swiss-01.png","width":2560,"height":1978,"caption":"Gourde filtrante"},"image":{"@id":"https:\/\/oko-swiss.ch\/#\/schema\/logo\/image\/"},"sameAs":["https:\/\/www.facebook.com\/profile.php?id=61553929983457"]}]}},"_links":{"self":[{"href":"https:\/\/oko-swiss.ch\/de\/wp-json\/wp\/v2\/pages\/3274","targetHints":{"allow":["GET"]}}],"collection":[{"href":"https:\/\/oko-swiss.ch\/de\/wp-json\/wp\/v2\/pages"}],"about":[{"href":"https:\/\/oko-swiss.ch\/de\/wp-json\/wp\/v2\/types\/page"}],"author":[{"embeddable":true,"href":"https:\/\/oko-swiss.ch\/de\/wp-json\/wp\/v2\/users\/1"}],"replies":[{"embeddable":true,"href":"https:\/\/oko-swiss.ch\/de\/wp-json\/wp\/v2\/comments?post=3274"}],"version-history":[{"count":4,"href":"https:\/\/oko-swiss.ch\/de\/wp-json\/wp\/v2\/pages\/3274\/revisions"}],"predecessor-version":[{"id":5196,"href":"https:\/\/oko-swiss.ch\/de\/wp-json\/wp\/v2\/pages\/3274\/revisions\/5196"}],"wp:attachment":[{"href":"https:\/\/oko-swiss.ch\/de\/wp-json\/wp\/v2\/media?parent=3274"}],"curies":[{"name":"wp","href":"https:\/\/api.w.org\/{rel}","templated":true}]}}