{"id":4868,"date":"2025-01-11T14:42:25","date_gmt":"2025-01-11T13:42:25","guid":{"rendered":"https:\/\/oko-swiss.ch\/product\/filtrationskit-l3\/"},"modified":"2025-02-14T15:41:15","modified_gmt":"2025-02-14T14:41:15","slug":"filtrationskit-l3","status":"publish","type":"product","link":"https:\/\/oko-swiss.ch\/de\/produkt\/filtrationskit-l3\/","title":{"rendered":"Filtrationskit L3"},"content":{"rendered":"<p>Das <strong>Filtrationskit L3 \u00d6KO<\/strong> ist ein hocheffizientes, leichtes und kompaktes Wasserfiltersystem. Es wurde speziell f\u00fcr Outdoor-Enthusiasten entwickelt und erm\u00f6glicht das direkte Trinken von Wasser aus Fl\u00fcssen, Seen oder anderen S\u00fc\u00dfwasserquellen \u2013 ideal f\u00fcr Wanderungen, Campingausfl\u00fcge oder in Notf\u00e4llen.<\/p>\n<ul>\n<li><strong>Federleicht<\/strong>: nur <strong>58 Gramm<\/strong>.<\/li>\n<li><strong>Filtrationskapazit\u00e4t<\/strong>: bis zu <strong>1.000 Liter Wasser<\/strong>, sofern der Filter nach jeder Nutzung gr\u00fcndlich gesp\u00fclt wird.<\/li>\n<li><strong>Hochmoderne Technologie<\/strong>: Ausgestattet mit einer Hohlfasermembran, die:\n<ul>\n<li><strong>99,999 % der Bakterien<\/strong> (z. B. E. coli),<\/li>\n<li><strong>99,9 % der Parasiten und Protozoen<\/strong> (wie Giardia lamblia und Cryptosporidium) sowie<\/li>\n<li>Viren mit einer Gr\u00f6\u00dfe von <strong>0,1 Mikron oder gr\u00f6\u00dfer<\/strong> entfernt.<\/li>\n<\/ul>\n<\/li>\n<\/ul>\n<p>Entdecken Sie eine der ersten Trinkflaschen mit <strong>Druckfunktion<\/strong>, die mit einem <strong>0,1-Mikron-Hohlfaserfilter<\/strong> ausgestattet ist und eine extrem gr\u00fcndliche Filtration bietet.<\/p>\n<h3>F\u00fcr Abenteurer gemacht<\/h3>\n<p>Der <strong>L3 \u00d6KO-Filter<\/strong> ist perfekt f\u00fcr mutige Reisende, die entlegene Regionen oder L\u00e4nder mit unsicherer Wasserqualit\u00e4t erkunden. Speziell entwickelt, um selbst stark verunreinigtes Wasser zu reinigen, bietet er unvergleichliche Sicherheit und Reinheit \u2013 selbst unter den extremsten Bedingungen.<\/p>\n","protected":false},"excerpt":{"rendered":"<p>Das Filtrationskit L3 \u00d6KO ist ein hocheffizientes, leichtes und kompaktes Wasserfiltersystem. Es wurde speziell f\u00fcr Outdoor-Enthusiasten entwickelt und erm\u00f6glicht das direkte Trinken von Wasser aus Fl\u00fcssen, Seen oder anderen S\u00fc\u00dfwasserquellen \u2013 ideal f\u00fcr Wanderungen, Campingausfl\u00fcge oder in Notf\u00e4llen. Federleicht: nur 58 Gramm. Filtrationskapazit\u00e4t: bis zu 1.000 Liter Wasser, sofern der Filter nach jeder Nutzung gr\u00fcndlich [&hellip;]<\/p>\n","protected":false},"featured_media":5103,"comment_status":"open","ping_status":"closed","template":"","meta":{"_acf_changed":false},"product_brand":[],"product_cat":[],"product_tag":[],"class_list":{"0":"post-4868","1":"product","2":"type-product","3":"status-publish","4":"has-post-thumbnail","7":"first","8":"instock","9":"taxable","10":"shipping-taxable","11":"purchasable","12":"product-type-simple"},"acf":[],"yoast_head":"<!-- This site is optimized with the Yoast SEO plugin v27.5 - https:\/\/yoast.com\/product\/yoast-seo-wordpress\/ -->\n<title>Filtrationskit L3 - \u00d6KO<\/title>\n<meta name=\"robots\" content=\"index, follow, max-snippet:-1, max-image-preview:large, max-video-preview:-1\" \/>\n<link rel=\"canonical\" href=\"https:\/\/oko-swiss.ch\/de\/produkt\/filtrationskit-l3\/\" \/>\n<meta property=\"og:locale\" content=\"de_DE\" \/>\n<meta property=\"og:type\" content=\"article\" \/>\n<meta property=\"og:title\" content=\"Filtrationskit L3 - \u00d6KO\" \/>\n<meta property=\"og:description\" content=\"Das Filtrationskit L3 \u00d6KO ist ein hocheffizientes, leichtes und kompaktes Wasserfiltersystem. Es wurde speziell f\u00fcr Outdoor-Enthusiasten entwickelt und erm\u00f6glicht das direkte Trinken von Wasser aus Fl\u00fcssen, Seen oder anderen S\u00fc\u00dfwasserquellen \u2013 ideal f\u00fcr Wanderungen, Campingausfl\u00fcge oder in Notf\u00e4llen. Federleicht: nur 58 Gramm. Filtrationskapazit\u00e4t: bis zu 1.000 Liter Wasser, sofern der Filter nach jeder Nutzung gr\u00fcndlich [&hellip;]\" \/>\n<meta property=\"og:url\" content=\"https:\/\/oko-swiss.ch\/de\/produkt\/filtrationskit-l3\/\" \/>\n<meta property=\"og:site_name\" content=\"\u00d6KO\" \/>\n<meta property=\"article:publisher\" content=\"https:\/\/www.facebook.com\/profile.php?id=61553929983457\" \/>\n<meta property=\"article:modified_time\" content=\"2025-02-14T14:41:15+00:00\" \/>\n<meta property=\"og:image\" content=\"https:\/\/oko-swiss.ch\/wp-content\/uploads\/2025\/01\/Filtre_L3_Oko_swiss.png\" \/>\n\t<meta property=\"og:image:width\" content=\"800\" \/>\n\t<meta property=\"og:image:height\" content=\"800\" \/>\n\t<meta property=\"og:image:type\" content=\"image\/png\" \/>\n<meta name=\"twitter:card\" content=\"summary_large_image\" \/>\n<meta name=\"twitter:label1\" content=\"Gesch\u00e4tzte Lesezeit\" \/>\n\t<meta name=\"twitter:data1\" content=\"1\u00a0Minute\" \/>\n<script type=\"application\/ld+json\" class=\"yoast-schema-graph\">{\"@context\":\"https:\\\/\\\/schema.org\",\"@graph\":[{\"@type\":\"WebPage\",\"@id\":\"https:\\\/\\\/oko-swiss.ch\\\/de\\\/produkt\\\/filtrationskit-l3\\\/\",\"url\":\"https:\\\/\\\/oko-swiss.ch\\\/de\\\/produkt\\\/filtrationskit-l3\\\/\",\"name\":\"Filtrationskit L3 - \u00d6KO\",\"isPartOf\":{\"@id\":\"https:\\\/\\\/oko-swiss.ch\\\/#website\"},\"primaryImageOfPage\":{\"@id\":\"https:\\\/\\\/oko-swiss.ch\\\/de\\\/produkt\\\/filtrationskit-l3\\\/#primaryimage\"},\"image\":{\"@id\":\"https:\\\/\\\/oko-swiss.ch\\\/de\\\/produkt\\\/filtrationskit-l3\\\/#primaryimage\"},\"thumbnailUrl\":\"https:\\\/\\\/oko-swiss.ch\\\/wp-content\\\/uploads\\\/2025\\\/01\\\/Filtre_L3_Oko_swiss.png\",\"datePublished\":\"2025-01-11T13:42:25+00:00\",\"dateModified\":\"2025-02-14T14:41:15+00:00\",\"breadcrumb\":{\"@id\":\"https:\\\/\\\/oko-swiss.ch\\\/de\\\/produkt\\\/filtrationskit-l3\\\/#breadcrumb\"},\"inLanguage\":\"de\",\"potentialAction\":[{\"@type\":\"ReadAction\",\"target\":[\"https:\\\/\\\/oko-swiss.ch\\\/de\\\/produkt\\\/filtrationskit-l3\\\/\"]}]},{\"@type\":\"ImageObject\",\"inLanguage\":\"de\",\"@id\":\"https:\\\/\\\/oko-swiss.ch\\\/de\\\/produkt\\\/filtrationskit-l3\\\/#primaryimage\",\"url\":\"https:\\\/\\\/oko-swiss.ch\\\/wp-content\\\/uploads\\\/2025\\\/01\\\/Filtre_L3_Oko_swiss.png\",\"contentUrl\":\"https:\\\/\\\/oko-swiss.ch\\\/wp-content\\\/uploads\\\/2025\\\/01\\\/Filtre_L3_Oko_swiss.png\",\"width\":800,\"height\":800},{\"@type\":\"BreadcrumbList\",\"@id\":\"https:\\\/\\\/oko-swiss.ch\\\/de\\\/produkt\\\/filtrationskit-l3\\\/#breadcrumb\",\"itemListElement\":[{\"@type\":\"ListItem\",\"position\":1,\"name\":\"Accueil\",\"item\":\"https:\\\/\\\/oko-swiss.ch\\\/\"},{\"@type\":\"ListItem\",\"position\":2,\"name\":\"Shop\",\"item\":\"https:\\\/\\\/oko-swiss.ch\\\/boutique-oko-swiss\\\/\"},{\"@type\":\"ListItem\",\"position\":3,\"name\":\"Filtrationskit L3\"}]},{\"@type\":\"WebSite\",\"@id\":\"https:\\\/\\\/oko-swiss.ch\\\/#website\",\"url\":\"https:\\\/\\\/oko-swiss.ch\\\/\",\"name\":\"\u00d6KO Swiss\",\"description\":\"Gourde Filtrante \u00c9co-responsable\",\"publisher\":{\"@id\":\"https:\\\/\\\/oko-swiss.ch\\\/#organization\"},\"potentialAction\":[{\"@type\":\"SearchAction\",\"target\":{\"@type\":\"EntryPoint\",\"urlTemplate\":\"https:\\\/\\\/oko-swiss.ch\\\/?s={search_term_string}\"},\"query-input\":{\"@type\":\"PropertyValueSpecification\",\"valueRequired\":true,\"valueName\":\"search_term_string\"}}],\"inLanguage\":\"de\"},{\"@type\":\"Organization\",\"@id\":\"https:\\\/\\\/oko-swiss.ch\\\/#organization\",\"name\":\"Gourde filtrante\",\"url\":\"https:\\\/\\\/oko-swiss.ch\\\/\",\"logo\":{\"@type\":\"ImageObject\",\"inLanguage\":\"de\",\"@id\":\"https:\\\/\\\/oko-swiss.ch\\\/#\\\/schema\\\/logo\\\/image\\\/\",\"url\":\"https:\\\/\\\/oko-swiss.ch\\\/wp-content\\\/uploads\\\/2023\\\/11\\\/Oko-Swiss-01.png\",\"contentUrl\":\"https:\\\/\\\/oko-swiss.ch\\\/wp-content\\\/uploads\\\/2023\\\/11\\\/Oko-Swiss-01.png\",\"width\":2560,\"height\":1978,\"caption\":\"Gourde filtrante\"},\"image\":{\"@id\":\"https:\\\/\\\/oko-swiss.ch\\\/#\\\/schema\\\/logo\\\/image\\\/\"},\"sameAs\":[\"https:\\\/\\\/www.facebook.com\\\/profile.php?id=61553929983457\"]}]}<\/script>\n<!-- \/ Yoast SEO plugin. -->","yoast_head_json":{"title":"Filtrationskit L3 - \u00d6KO","robots":{"index":"index","follow":"follow","max-snippet":"max-snippet:-1","max-image-preview":"max-image-preview:large","max-video-preview":"max-video-preview:-1"},"canonical":"https:\/\/oko-swiss.ch\/de\/produkt\/filtrationskit-l3\/","og_locale":"de_DE","og_type":"article","og_title":"Filtrationskit L3 - \u00d6KO","og_description":"Das Filtrationskit L3 \u00d6KO ist ein hocheffizientes, leichtes und kompaktes Wasserfiltersystem. Es wurde speziell f\u00fcr Outdoor-Enthusiasten entwickelt und erm\u00f6glicht das direkte Trinken von Wasser aus Fl\u00fcssen, Seen oder anderen S\u00fc\u00dfwasserquellen \u2013 ideal f\u00fcr Wanderungen, Campingausfl\u00fcge oder in Notf\u00e4llen. Federleicht: nur 58 Gramm. Filtrationskapazit\u00e4t: bis zu 1.000 Liter Wasser, sofern der Filter nach jeder Nutzung gr\u00fcndlich [&hellip;]","og_url":"https:\/\/oko-swiss.ch\/de\/produkt\/filtrationskit-l3\/","og_site_name":"\u00d6KO","article_publisher":"https:\/\/www.facebook.com\/profile.php?id=61553929983457","article_modified_time":"2025-02-14T14:41:15+00:00","og_image":[{"width":800,"height":800,"url":"https:\/\/oko-swiss.ch\/wp-content\/uploads\/2025\/01\/Filtre_L3_Oko_swiss.png","type":"image\/png"}],"twitter_card":"summary_large_image","twitter_misc":{"Gesch\u00e4tzte Lesezeit":"1\u00a0Minute"},"schema":{"@context":"https:\/\/schema.org","@graph":[{"@type":"WebPage","@id":"https:\/\/oko-swiss.ch\/de\/produkt\/filtrationskit-l3\/","url":"https:\/\/oko-swiss.ch\/de\/produkt\/filtrationskit-l3\/","name":"Filtrationskit L3 - \u00d6KO","isPartOf":{"@id":"https:\/\/oko-swiss.ch\/#website"},"primaryImageOfPage":{"@id":"https:\/\/oko-swiss.ch\/de\/produkt\/filtrationskit-l3\/#primaryimage"},"image":{"@id":"https:\/\/oko-swiss.ch\/de\/produkt\/filtrationskit-l3\/#primaryimage"},"thumbnailUrl":"https:\/\/oko-swiss.ch\/wp-content\/uploads\/2025\/01\/Filtre_L3_Oko_swiss.png","datePublished":"2025-01-11T13:42:25+00:00","dateModified":"2025-02-14T14:41:15+00:00","breadcrumb":{"@id":"https:\/\/oko-swiss.ch\/de\/produkt\/filtrationskit-l3\/#breadcrumb"},"inLanguage":"de","potentialAction":[{"@type":"ReadAction","target":["https:\/\/oko-swiss.ch\/de\/produkt\/filtrationskit-l3\/"]}]},{"@type":"ImageObject","inLanguage":"de","@id":"https:\/\/oko-swiss.ch\/de\/produkt\/filtrationskit-l3\/#primaryimage","url":"https:\/\/oko-swiss.ch\/wp-content\/uploads\/2025\/01\/Filtre_L3_Oko_swiss.png","contentUrl":"https:\/\/oko-swiss.ch\/wp-content\/uploads\/2025\/01\/Filtre_L3_Oko_swiss.png","width":800,"height":800},{"@type":"BreadcrumbList","@id":"https:\/\/oko-swiss.ch\/de\/produkt\/filtrationskit-l3\/#breadcrumb","itemListElement":[{"@type":"ListItem","position":1,"name":"Accueil","item":"https:\/\/oko-swiss.ch\/"},{"@type":"ListItem","position":2,"name":"Shop","item":"https:\/\/oko-swiss.ch\/boutique-oko-swiss\/"},{"@type":"ListItem","position":3,"name":"Filtrationskit L3"}]},{"@type":"WebSite","@id":"https:\/\/oko-swiss.ch\/#website","url":"https:\/\/oko-swiss.ch\/","name":"\u00d6KO Swiss","description":"Gourde Filtrante \u00c9co-responsable","publisher":{"@id":"https:\/\/oko-swiss.ch\/#organization"},"potentialAction":[{"@type":"SearchAction","target":{"@type":"EntryPoint","urlTemplate":"https:\/\/oko-swiss.ch\/?s={search_term_string}"},"query-input":{"@type":"PropertyValueSpecification","valueRequired":true,"valueName":"search_term_string"}}],"inLanguage":"de"},{"@type":"Organization","@id":"https:\/\/oko-swiss.ch\/#organization","name":"Gourde filtrante","url":"https:\/\/oko-swiss.ch\/","logo":{"@type":"ImageObject","inLanguage":"de","@id":"https:\/\/oko-swiss.ch\/#\/schema\/logo\/image\/","url":"https:\/\/oko-swiss.ch\/wp-content\/uploads\/2023\/11\/Oko-Swiss-01.png","contentUrl":"https:\/\/oko-swiss.ch\/wp-content\/uploads\/2023\/11\/Oko-Swiss-01.png","width":2560,"height":1978,"caption":"Gourde filtrante"},"image":{"@id":"https:\/\/oko-swiss.ch\/#\/schema\/logo\/image\/"},"sameAs":["https:\/\/www.facebook.com\/profile.php?id=61553929983457"]}]}},"_links":{"self":[{"href":"https:\/\/oko-swiss.ch\/de\/wp-json\/wp\/v2\/product\/4868","targetHints":{"allow":["GET"]}}],"collection":[{"href":"https:\/\/oko-swiss.ch\/de\/wp-json\/wp\/v2\/product"}],"about":[{"href":"https:\/\/oko-swiss.ch\/de\/wp-json\/wp\/v2\/types\/product"}],"replies":[{"embeddable":true,"href":"https:\/\/oko-swiss.ch\/de\/wp-json\/wp\/v2\/comments?post=4868"}],"wp:featuredmedia":[{"embeddable":true,"href":"https:\/\/oko-swiss.ch\/de\/wp-json\/wp\/v2\/media\/5103"}],"wp:attachment":[{"href":"https:\/\/oko-swiss.ch\/de\/wp-json\/wp\/v2\/media?parent=4868"}],"wp:term":[{"taxonomy":"product_brand","embeddable":true,"href":"https:\/\/oko-swiss.ch\/de\/wp-json\/wp\/v2\/product_brand?post=4868"},{"taxonomy":"product_cat","embeddable":true,"href":"https:\/\/oko-swiss.ch\/de\/wp-json\/wp\/v2\/product_cat?post=4868"},{"taxonomy":"product_tag","embeddable":true,"href":"https:\/\/oko-swiss.ch\/de\/wp-json\/wp\/v2\/product_tag?post=4868"}],"curies":[{"name":"wp","href":"https:\/\/api.w.org\/{rel}","templated":true}]}}