{"id":2292,"date":"2023-12-15T14:50:50","date_gmt":"2023-12-15T13:50:50","guid":{"rendered":"https:\/\/oko-swiss.ch\/terms-of-use\/"},"modified":"2025-02-09T11:40:25","modified_gmt":"2025-02-09T10:40:25","slug":"terms-of-use","status":"publish","type":"page","link":"https:\/\/oko-swiss.ch\/en\/terms-of-use\/","title":{"rendered":"Terms of use"},"content":{"rendered":"\t\t<div data-elementor-type=\"wp-page\" data-elementor-id=\"2292\" class=\"elementor elementor-2292 elementor-1564\" data-elementor-post-type=\"page\">\n\t\t\t\t\t\t<section class=\"elementor-section elementor-top-section elementor-element elementor-element-2cbf24d elementor-section-boxed elementor-section-height-default elementor-section-height-default\" data-id=\"2cbf24d\" data-element_type=\"section\" data-e-type=\"section\">\n\t\t\t\t\t\t<div class=\"elementor-container elementor-column-gap-default\">\n\t\t\t\t\t<div class=\"elementor-column elementor-col-100 elementor-top-column elementor-element elementor-element-2dfb331\" data-id=\"2dfb331\" data-element_type=\"column\" data-e-type=\"column\">\n\t\t\t<div class=\"elementor-widget-wrap\">\n\t\t\t\t\t\t\t<\/div>\n\t\t<\/div>\n\t\t\t\t\t<\/div>\n\t\t<\/section>\n\t\t\t\t<section class=\"elementor-section elementor-top-section elementor-element elementor-element-0757991 elementor-section-boxed elementor-section-height-default elementor-section-height-default\" data-id=\"0757991\" data-element_type=\"section\" data-e-type=\"section\">\n\t\t\t\t\t\t<div class=\"elementor-container elementor-column-gap-default\">\n\t\t\t\t\t<div class=\"elementor-column elementor-col-100 elementor-top-column elementor-element elementor-element-7e62759\" data-id=\"7e62759\" data-element_type=\"column\" data-e-type=\"column\">\n\t\t\t<div class=\"elementor-widget-wrap elementor-element-populated\">\n\t\t\t\t\t\t<div class=\"elementor-element elementor-element-2247786 elementor-widget elementor-widget-heading\" data-id=\"2247786\" data-element_type=\"widget\" data-e-type=\"widget\" data-widget_type=\"heading.default\">\n\t\t\t\t<div class=\"elementor-widget-container\">\n\t\t\t\t\t<h2 class=\"elementor-heading-title elementor-size-default\">Terms of use<\/h2>\t\t\t\t<\/div>\n\t\t\t\t<\/div>\n\t\t\t\t<div class=\"elementor-element elementor-element-391bec4 elementor-widget elementor-widget-text-editor\" data-id=\"391bec4\" data-element_type=\"widget\" data-e-type=\"widget\" data-widget_type=\"text-editor.default\">\n\t\t\t\t<div class=\"elementor-widget-container\">\n\t\t\t\t\t\t\t\t\t<p data-pm-slice=\"1 1 []\"><strong>Company Contact Information<\/strong><\/p><p>\u00d6ko Suisse is published under:<\/p><p>Cool-ness S\u00e0rl<\/p><p>Chemin des Ch\u00eanes 16, 2072 St-Blaise, Switzerland.<\/p><p><strong>Website Webmaster:<\/strong> Valentino Pedone, reachable via email at <a>info@theiceberg.ch<\/a><\/p><p><strong>Website Host:<\/strong> Infomaniak, located at Rue Eug\u00e8ne-Marziano 25, 1227 Les Acacias, reachable by phone at +41844551155<\/p><p><strong>Intellectual Property and <\/strong><strong>Counterfeiting<\/strong><\/p><pre><span style=\"text-decoration: underline;\"><strong>\u00d6KO-Swiss is a distributor of \u00d6KO products. <\/strong><\/span><br \/><span style=\"text-decoration: underline;\"><strong>\u00d6KO\u00ae\ufe0f is a registered trademark of Worldway Industrial Corp., Newport Beach, California, USA. All Rights Reserved<\/strong><\/span><\/pre><p>The company Cool-ness S\u00e0rl owns the intellectual property rights or holds the usage rights for all elements accessible on the site, including but not limited to: texts, images, graphics, logos, icons, etc.<\/p><p>Any reproduction, representation, modification, publication, or adaptation of all or part of the site&#8217;s elements, regardless of the means or process used, is prohibited without the prior written permission of Cool-ness S\u00e0rl.<\/p><p><strong>Acceptance of Terms and Conditions (T&amp;C)<\/strong><\/p><p>By clicking the designated checkbox upon entering the Site, you acknowledge that you have read, understood, and expressly and unreservedly agree to be bound by all provisions of the T&amp;C and the Publisher&#8217;s Privacy Policy.<\/p><p>The Publisher reserves the right to modify these T&amp;C at any time without prior notice. In such cases, Users acknowledge having read, understood, and expressly and unreservedly accepted the new general conditions by clicking the designated checkbox.<\/p><p><strong>Subsequent Modifications<\/strong><\/p><p>You agree that the Publisher may, at its sole discretion and without liability to You, with or without reason, with or without notice, at any time, modify, suspend, or even close the Site.<\/p><p><strong>Disclaimer of Liability<\/strong><\/p><p>Subject to mandatory legal provisions under Swiss law, the Publisher disclaims all liability for any direct or indirect damage of any kind that may result from the use or inability to use the Site.<\/p><p>In particular, the Publisher disclaims all liability for any errors or omissions regarding the content of information, data, or any other terms displayed on the Site, as well as the consequences of using such content.<\/p><p>The Publisher expressly excludes any liability for direct or indirect damages resulting from misuse or malicious use of the Site by a third party (notably in the case of a cyber-attack).<\/p><p>Furthermore, the Publisher excludes all liability for damages caused by third parties or any potential auxiliaries.<\/p><p><strong>User Responsibility<\/strong><\/p><p>The use of the Site is under the sole and entire responsibility of the User.<\/p><p>The User agrees never to use any tool, software, or process to reduce or attempt to reduce the proper functioning of the Site. The User is also prohibited from performing any actions on the Site that may cause an unreasonable or disproportionate load on the Site&#8217;s infrastructure.<\/p><p>The use of information or any type of content found on the Site is entirely the User&#8217;s responsibility.<\/p><p>The User is liable to the Publisher for any damage of any kind caused during the use of the Site. The User agrees to hold harmless and indemnify the Publisher for any use of the Site contrary to these T&amp;C.<\/p><p>Virtual messages, audio, audiovisual, written, and any other publication by a user on the Site must be free of any rights and are posted under the sole and entire responsibility of the User.<\/p><p><strong>Hyperlinks<\/strong><\/p><p>The Site may contain hyperlinks to third-party websites. The User clicks on these links at their sole and entire responsibility.<\/p><p>Consequently, the Publisher cannot be held responsible for the hyperlinks provided, nor for the content of the pages\/websites to which these links redirect the User. The Publisher also disclaims all liability for any damage, direct or indirect, suffered by the User as a result of consulting and\/or using third-party websites\/pages.<\/p><p><strong>Moderation Policy<\/strong><\/p><p>The User agrees that the Publisher may delete any publication it deems, at its sole discretion, to be immoral, racist, inciting hatred, violent, infringing on the personality or integrity of a third party, or generally contrary to the spirit of the Site.<\/p><p>Under no circumstances can the Publisher be held liable for the deletion of a publication for the reasons mentioned above.<\/p><p><strong>Cookies and Trackers<\/strong><\/p><p class=\"p1\">\u00a0<\/p><p data-pm-slice=\"1 1 []\"><strong>Website <\/strong><a><strong>https:\/\/oko-swiss.ch\/<\/strong><\/a><strong> and <\/strong><a><strong>www.cool-ness.ch<\/strong><\/a> have an audience measurement system, as well as a social media sharing feature.<\/p><p><strong>Cookies and Trackers<\/strong><\/p><p>In accordance with the European directive known as the &#8220;Telecom Package,&#8221; internet users must be informed and give their prior consent before trackers (commonly known as &#8220;cookies&#8221;) are installed. Users must have the option to choose not to be tracked when visiting a website or using an application. Website publishers are therefore required to obtain users&#8217; consent beforehand.<\/p><p>Refusing the installation of a cookie may result in the inability to access certain services. However, users can configure their web browsers to refuse the installation of cookies.<\/p><p><strong>Audience Measurement<\/strong><\/p><p>Audience measurement cookies are small files that allow for the collection and analysis of website traffic statistics: pages visited, number of visits, bounce rate, origin of visits, etc. Audience measurement cookies are completely anonymous.<\/p><p>On this site, the Google Analytics solution is used to measure the audience.<\/p><p><strong>Social Media<\/strong><\/p><p>Cookies related to social media are associated with buttons that facilitate sharing pages and articles on social media platforms.<\/p><p><strong>Contact Form and Comments<\/strong><\/p><p>You may be asked to provide your email address when filling out our contact form or leaving a comment on one of the articles on the sites <a>https:\/\/oko-swiss.ch\/<\/a> and <a>www.cool-ness.ch<\/a>.<\/p><p>Under no circumstances will your email address be shared with third parties.<\/p><p><strong>Comment Moderation<\/strong><\/p><p>The decision to approve a comment on the site <a>www.cool-ness.ch<\/a> is at the sole discretion of the publication manager. Comments may be deleted, modified, or corrected for better clarity for visitors (especially regarding spelling).<\/p><p><strong>Newsletter<\/strong><\/p><p>You can subscribe to the site&#8217;s newsletter. You will then automatically and freely receive newsletters covering topics from the sites <a>www.cool-ness.ch<\/a> and <a>https:\/\/oko-swiss.ch\/<\/a>.<\/p><p><strong>Hyperlinks<\/strong><\/p><p>This website contains a number of hyperlinks to other websites. However, <a>www.cool-ness.ch<\/a> and <a>https:\/\/oko-swiss.ch\/<\/a> do not have the ability to monitor or verify the content of these external sites and, therefore, assume no responsibility for their content.<\/p><p><strong>RSS Feeds<\/strong><\/p><p>RSS feeds are intended exclusively for visitors to the site for personal use and may not be used to supply other websites without the prior written authorization of <a>www.cool-ness.ch<\/a> or <a>https:\/\/oko-swiss.ch\/<\/a>.<\/p><p><strong>Privacy Policy and Data Protection<\/strong><\/p><p>By using the Site, you provide a certain amount of personal data and other information about yourself. The Publisher commits to collecting and processing this data in accordance with the Privacy Policy. The Privacy Policy is an integral part of these T&amp;C.<\/p><p>\u00a0<\/p>\t\t\t\t\t\t\t\t<\/div>\n\t\t\t\t<\/div>\n\t\t\t\t\t<\/div>\n\t\t<\/div>\n\t\t\t\t\t<\/div>\n\t\t<\/section>\n\t\t\t\t<\/div>\n\t\t","protected":false},"excerpt":{"rendered":"<p>Terms of use Company Contact Information \u00d6ko Suisse is published under: Cool-ness S\u00e0rl Chemin des Ch\u00eanes 16, 2072 St-Blaise, Switzerland. Website Webmaster: Valentino Pedone, reachable via email at info@theiceberg.ch Website Host: Infomaniak, located at Rue Eug\u00e8ne-Marziano 25, 1227 Les Acacias, reachable by phone at +41844551155 Intellectual Property and Counterfeiting \u00d6KO-Swiss is a distributor of \u00d6KO [&hellip;]<\/p>\n","protected":false},"author":1,"featured_media":0,"parent":0,"menu_order":0,"comment_status":"closed","ping_status":"closed","template":"elementor_header_footer","meta":{"_acf_changed":false,"footnotes":""},"class_list":["post-2292","page","type-page","status-publish","hentry"],"acf":[],"yoast_head":"<!-- This site is optimized with the Yoast SEO plugin v27.5 - https:\/\/yoast.com\/product\/yoast-seo-wordpress\/ -->\n<title>Terms of use - \u00d6KO<\/title>\n<meta name=\"robots\" content=\"index, follow, max-snippet:-1, max-image-preview:large, max-video-preview:-1\" \/>\n<link rel=\"canonical\" href=\"https:\/\/oko-swiss.ch\/mentions-legales\/\" \/>\n<meta property=\"og:locale\" content=\"en_US\" \/>\n<meta property=\"og:type\" content=\"article\" \/>\n<meta property=\"og:title\" content=\"Terms of use - \u00d6KO\" \/>\n<meta property=\"og:description\" content=\"Terms of use Company Contact Information \u00d6ko Suisse is published under: Cool-ness S\u00e0rl Chemin des Ch\u00eanes 16, 2072 St-Blaise, Switzerland. Website Webmaster: Valentino Pedone, reachable via email at info@theiceberg.ch Website Host: Infomaniak, located at Rue Eug\u00e8ne-Marziano 25, 1227 Les Acacias, reachable by phone at +41844551155 Intellectual Property and Counterfeiting \u00d6KO-Swiss is a distributor of \u00d6KO [&hellip;]\" \/>\n<meta property=\"og:url\" content=\"https:\/\/oko-swiss.ch\/mentions-legales\/\" \/>\n<meta property=\"og:site_name\" content=\"\u00d6KO\" \/>\n<meta property=\"article:publisher\" content=\"https:\/\/www.facebook.com\/profile.php?id=61553929983457\" \/>\n<meta property=\"article:modified_time\" content=\"2025-02-09T10:40:25+00:00\" \/>\n<meta name=\"twitter:card\" content=\"summary_large_image\" \/>\n<meta name=\"twitter:label1\" content=\"Est. reading time\" \/>\n\t<meta name=\"twitter:data1\" content=\"5 minutes\" \/>\n<script type=\"application\/ld+json\" class=\"yoast-schema-graph\">{\"@context\":\"https:\\\/\\\/schema.org\",\"@graph\":[{\"@type\":\"WebPage\",\"@id\":\"https:\\\/\\\/oko-swiss.ch\\\/mentions-legales\\\/\",\"url\":\"https:\\\/\\\/oko-swiss.ch\\\/mentions-legales\\\/\",\"name\":\"Terms of use - \u00d6KO\",\"isPartOf\":{\"@id\":\"https:\\\/\\\/oko-swiss.ch\\\/#website\"},\"datePublished\":\"2023-12-15T13:50:50+00:00\",\"dateModified\":\"2025-02-09T10:40:25+00:00\",\"breadcrumb\":{\"@id\":\"https:\\\/\\\/oko-swiss.ch\\\/mentions-legales\\\/#breadcrumb\"},\"inLanguage\":\"en-US\",\"potentialAction\":[{\"@type\":\"ReadAction\",\"target\":[\"https:\\\/\\\/oko-swiss.ch\\\/mentions-legales\\\/\"]}]},{\"@type\":\"BreadcrumbList\",\"@id\":\"https:\\\/\\\/oko-swiss.ch\\\/mentions-legales\\\/#breadcrumb\",\"itemListElement\":[{\"@type\":\"ListItem\",\"position\":1,\"name\":\"Accueil\",\"item\":\"https:\\\/\\\/oko-swiss.ch\\\/\"},{\"@type\":\"ListItem\",\"position\":2,\"name\":\"Terms of use\"}]},{\"@type\":\"WebSite\",\"@id\":\"https:\\\/\\\/oko-swiss.ch\\\/#website\",\"url\":\"https:\\\/\\\/oko-swiss.ch\\\/\",\"name\":\"\u00d6KO Swiss\",\"description\":\"Gourde Filtrante \u00c9co-responsable\",\"publisher\":{\"@id\":\"https:\\\/\\\/oko-swiss.ch\\\/#organization\"},\"potentialAction\":[{\"@type\":\"SearchAction\",\"target\":{\"@type\":\"EntryPoint\",\"urlTemplate\":\"https:\\\/\\\/oko-swiss.ch\\\/?s={search_term_string}\"},\"query-input\":{\"@type\":\"PropertyValueSpecification\",\"valueRequired\":true,\"valueName\":\"search_term_string\"}}],\"inLanguage\":\"en-US\"},{\"@type\":\"Organization\",\"@id\":\"https:\\\/\\\/oko-swiss.ch\\\/#organization\",\"name\":\"Gourde filtrante\",\"url\":\"https:\\\/\\\/oko-swiss.ch\\\/\",\"logo\":{\"@type\":\"ImageObject\",\"inLanguage\":\"en-US\",\"@id\":\"https:\\\/\\\/oko-swiss.ch\\\/#\\\/schema\\\/logo\\\/image\\\/\",\"url\":\"https:\\\/\\\/oko-swiss.ch\\\/wp-content\\\/uploads\\\/2023\\\/11\\\/Oko-Swiss-01.png\",\"contentUrl\":\"https:\\\/\\\/oko-swiss.ch\\\/wp-content\\\/uploads\\\/2023\\\/11\\\/Oko-Swiss-01.png\",\"width\":2560,\"height\":1978,\"caption\":\"Gourde filtrante\"},\"image\":{\"@id\":\"https:\\\/\\\/oko-swiss.ch\\\/#\\\/schema\\\/logo\\\/image\\\/\"},\"sameAs\":[\"https:\\\/\\\/www.facebook.com\\\/profile.php?id=61553929983457\"]}]}<\/script>\n<!-- \/ Yoast SEO plugin. -->","yoast_head_json":{"title":"Terms of use - \u00d6KO","robots":{"index":"index","follow":"follow","max-snippet":"max-snippet:-1","max-image-preview":"max-image-preview:large","max-video-preview":"max-video-preview:-1"},"canonical":"https:\/\/oko-swiss.ch\/mentions-legales\/","og_locale":"en_US","og_type":"article","og_title":"Terms of use - \u00d6KO","og_description":"Terms of use Company Contact Information \u00d6ko Suisse is published under: Cool-ness S\u00e0rl Chemin des Ch\u00eanes 16, 2072 St-Blaise, Switzerland. Website Webmaster: Valentino Pedone, reachable via email at info@theiceberg.ch Website Host: Infomaniak, located at Rue Eug\u00e8ne-Marziano 25, 1227 Les Acacias, reachable by phone at +41844551155 Intellectual Property and Counterfeiting \u00d6KO-Swiss is a distributor of \u00d6KO [&hellip;]","og_url":"https:\/\/oko-swiss.ch\/mentions-legales\/","og_site_name":"\u00d6KO","article_publisher":"https:\/\/www.facebook.com\/profile.php?id=61553929983457","article_modified_time":"2025-02-09T10:40:25+00:00","twitter_card":"summary_large_image","twitter_misc":{"Est. reading time":"5 minutes"},"schema":{"@context":"https:\/\/schema.org","@graph":[{"@type":"WebPage","@id":"https:\/\/oko-swiss.ch\/mentions-legales\/","url":"https:\/\/oko-swiss.ch\/mentions-legales\/","name":"Terms of use - \u00d6KO","isPartOf":{"@id":"https:\/\/oko-swiss.ch\/#website"},"datePublished":"2023-12-15T13:50:50+00:00","dateModified":"2025-02-09T10:40:25+00:00","breadcrumb":{"@id":"https:\/\/oko-swiss.ch\/mentions-legales\/#breadcrumb"},"inLanguage":"en-US","potentialAction":[{"@type":"ReadAction","target":["https:\/\/oko-swiss.ch\/mentions-legales\/"]}]},{"@type":"BreadcrumbList","@id":"https:\/\/oko-swiss.ch\/mentions-legales\/#breadcrumb","itemListElement":[{"@type":"ListItem","position":1,"name":"Accueil","item":"https:\/\/oko-swiss.ch\/"},{"@type":"ListItem","position":2,"name":"Terms of use"}]},{"@type":"WebSite","@id":"https:\/\/oko-swiss.ch\/#website","url":"https:\/\/oko-swiss.ch\/","name":"\u00d6KO Swiss","description":"Gourde Filtrante \u00c9co-responsable","publisher":{"@id":"https:\/\/oko-swiss.ch\/#organization"},"potentialAction":[{"@type":"SearchAction","target":{"@type":"EntryPoint","urlTemplate":"https:\/\/oko-swiss.ch\/?s={search_term_string}"},"query-input":{"@type":"PropertyValueSpecification","valueRequired":true,"valueName":"search_term_string"}}],"inLanguage":"en-US"},{"@type":"Organization","@id":"https:\/\/oko-swiss.ch\/#organization","name":"Gourde filtrante","url":"https:\/\/oko-swiss.ch\/","logo":{"@type":"ImageObject","inLanguage":"en-US","@id":"https:\/\/oko-swiss.ch\/#\/schema\/logo\/image\/","url":"https:\/\/oko-swiss.ch\/wp-content\/uploads\/2023\/11\/Oko-Swiss-01.png","contentUrl":"https:\/\/oko-swiss.ch\/wp-content\/uploads\/2023\/11\/Oko-Swiss-01.png","width":2560,"height":1978,"caption":"Gourde filtrante"},"image":{"@id":"https:\/\/oko-swiss.ch\/#\/schema\/logo\/image\/"},"sameAs":["https:\/\/www.facebook.com\/profile.php?id=61553929983457"]}]}},"_links":{"self":[{"href":"https:\/\/oko-swiss.ch\/en\/wp-json\/wp\/v2\/pages\/2292","targetHints":{"allow":["GET"]}}],"collection":[{"href":"https:\/\/oko-swiss.ch\/en\/wp-json\/wp\/v2\/pages"}],"about":[{"href":"https:\/\/oko-swiss.ch\/en\/wp-json\/wp\/v2\/types\/page"}],"author":[{"embeddable":true,"href":"https:\/\/oko-swiss.ch\/en\/wp-json\/wp\/v2\/users\/1"}],"replies":[{"embeddable":true,"href":"https:\/\/oko-swiss.ch\/en\/wp-json\/wp\/v2\/comments?post=2292"}],"version-history":[{"count":5,"href":"https:\/\/oko-swiss.ch\/en\/wp-json\/wp\/v2\/pages\/2292\/revisions"}],"predecessor-version":[{"id":5045,"href":"https:\/\/oko-swiss.ch\/en\/wp-json\/wp\/v2\/pages\/2292\/revisions\/5045"}],"wp:attachment":[{"href":"https:\/\/oko-swiss.ch\/en\/wp-json\/wp\/v2\/media?parent=2292"}],"curies":[{"name":"wp","href":"https:\/\/api.w.org\/{rel}","templated":true}]}}