{"id":3295,"date":"2023-12-15T14:58:46","date_gmt":"2023-12-15T13:58:46","guid":{"rendered":"https:\/\/oko-swiss.ch\/condizioni-generali-di-vendita\/"},"modified":"2025-02-18T10:40:16","modified_gmt":"2025-02-18T09:40:16","slug":"condizioni-generali-di-vendita","status":"publish","type":"page","link":"https:\/\/oko-swiss.ch\/it\/condizioni-generali-di-vendita\/","title":{"rendered":"Condizioni generali di vendita"},"content":{"rendered":"\t\t<div data-elementor-type=\"wp-page\" data-elementor-id=\"3295\" class=\"elementor elementor-3295 elementor-1578\" data-elementor-post-type=\"page\">\n\t\t\t\t\t\t<section class=\"elementor-section elementor-top-section elementor-element elementor-element-0757991 elementor-section-boxed elementor-section-height-default elementor-section-height-default\" data-id=\"0757991\" data-element_type=\"section\" data-e-type=\"section\">\n\t\t\t\t\t\t<div class=\"elementor-container elementor-column-gap-default\">\n\t\t\t\t\t<div class=\"elementor-column elementor-col-100 elementor-top-column elementor-element elementor-element-7e62759\" data-id=\"7e62759\" data-element_type=\"column\" data-e-type=\"column\">\n\t\t\t<div class=\"elementor-widget-wrap elementor-element-populated\">\n\t\t\t\t\t\t<div class=\"elementor-element elementor-element-2247786 elementor-widget elementor-widget-heading\" data-id=\"2247786\" data-element_type=\"widget\" data-e-type=\"widget\" data-widget_type=\"heading.default\">\n\t\t\t\t<div class=\"elementor-widget-container\">\n\t\t\t\t\t<h2 class=\"elementor-heading-title elementor-size-default\">Condizioni generali di vendita<\/h2>\t\t\t\t<\/div>\n\t\t\t\t<\/div>\n\t\t\t\t\t<\/div>\n\t\t<\/div>\n\t\t\t\t\t<\/div>\n\t\t<\/section>\n\t\t\t\t<section class=\"elementor-section elementor-top-section elementor-element elementor-element-71dcea5 elementor-section-boxed elementor-section-height-default elementor-section-height-default\" data-id=\"71dcea5\" data-element_type=\"section\" data-e-type=\"section\">\n\t\t\t\t\t\t<div class=\"elementor-container elementor-column-gap-default\">\n\t\t\t\t\t<div class=\"elementor-column elementor-col-100 elementor-top-column elementor-element elementor-element-649fbc0\" data-id=\"649fbc0\" data-element_type=\"column\" data-e-type=\"column\">\n\t\t\t<div class=\"elementor-widget-wrap elementor-element-populated\">\n\t\t\t\t\t\t<div class=\"elementor-element elementor-element-4d4355f elementor-widget elementor-widget-heading\" data-id=\"4d4355f\" data-element_type=\"widget\" data-e-type=\"widget\" data-widget_type=\"heading.default\">\n\t\t\t\t<div class=\"elementor-widget-container\">\n\t\t\t\t\t<h2 class=\"elementor-heading-title elementor-size-default\">Preambolo<\/h2>\t\t\t\t<\/div>\n\t\t\t\t<\/div>\n\t\t\t\t<div class=\"elementor-element elementor-element-1525e9d elementor-widget elementor-widget-text-editor\" data-id=\"1525e9d\" data-element_type=\"widget\" data-e-type=\"widget\" data-widget_type=\"text-editor.default\">\n\t\t\t\t<div class=\"elementor-widget-container\">\n\t\t\t\t\t\t\t\t\t<div>\n<ul>\n<li><b>Accettazione delle condizioni<\/b><\/li>\n<\/ul>\n<p><b>Il cliente riconosce di aver preso conoscenza, al momento dell&#8217;ordine, delle condizioni indicate sul sito www.\u00f6ko-swiss.ch e dichiara espressamente di accettarle senza riserve. Le presenti condizioni d&#8217;uso regolano i rapporti contrattuali tra \u00d6ko Swiss e il suo cliente, entrambe le parti le accettano senza riserve.<\/b><\/p>\n<p><b>\u00a0<\/b><\/p>\n<p><b>Ordine<\/b><\/p>\n<p><b>\u00a0<\/b><\/p>\n<p><b>Un ordine chiuso senza possibilit\u00e0 di risoluzione viene effettuato nel momento in cui il cliente preme il pulsante &#8220;Convalida il tuo ordine&#8221; nella pagina di conferma. Effettuando un ordine, ci fai un&#8217;offerta per acquistare i prodotti che hai selezionato sul nostro sito \u00d6ko Swiss conferma l&#8217;accettazione del suo ordine al cliente all&#8217;indirizzo e-mail che quest&#8217;ultimo avr\u00e0 fornito al momento della registrazione. \u00d6ko Swiss si riserva il diritto di annullare qualsiasi ordine di un cliente con il quale esiste una controversia relativa al pagamento di un ordine precedente.<\/b><\/p>\n<p><b>\u00a0<\/b><\/p>\n<p><b>In caso di errore nella formulazione dei dati di consegna del destinatario, \u00d6ko Swiss non pu\u00f2 essere ritenuta responsabile per l&#8217;impossibilit\u00e0 in cui potrebbe essere quello di consegnare il prodotto. In caso di indisponibilit\u00e0 proveniente dal produttore, \u00d6ko Swiss far\u00e0 in modo di trovare una soluzione alternativa in accordo con il cliente.<\/b><\/p>\n<p><b>\u00a0<\/b><\/p>\n<p><b>Prodotti<\/b><\/p>\n<p><b>\u00a0<\/b><\/p>\n<p><b>Le fotografie che illustrano i prodotti non entrano nel campo contrattuale. Se si sono verificati errori, in nessun caso \u00d6ko Swiss potr\u00e0 essere ritenuta responsabile. Le informazioni tecniche e i link sono forniti solo a scopo informativo. Le specifiche tecniche e\/o il contenuto dei prodotti consegnati possono differire dai dati forniti dal produttore o visualizzati sul suo sito web, le normali tolleranze di produzione sono applicabili e pu\u00f2 verificarsi una differenza tra i dati inseriti e il prodotto ricevuto. A seconda delle impostazioni, la visualizzazione dei colori pu\u00f2 differire da uno schermo all&#8217;altro. Non possiamo garantire che i colori delle illustrazioni corrispondano esattamente a quelli dei prodotti reali.<\/b><\/p>\n<p><b>\u00a0<\/b><\/p>\n<p><b>Prezzo<\/b><\/p>\n<p><b>\u00a0<\/b><\/p>\n<p><b>I prezzi dei prodotti sono in franchi svizzeri (CHF), IVA svizzera inclusa, senza le spese di imballaggio e spedizione. \u00d6ko Swiss si riserva il diritto di modificare i prezzi in qualsiasi momento. I prezzi indicati sulla conferma d&#8217;ordine fanno fede, anche in caso di variazione tra la data dell&#8217;ordine e la data di consegna della merce.<\/b><\/p>\n<p><b>\u00a0<\/b><\/p>\n<p><b>Disponibilit\u00e0 dei prodotti<\/b><\/p>\n<p><b>\u00a0<\/b><\/p>\n<p><b>Tuttavia, vorremmo chiarire che potrebbe essere possibile che alcuni articoli non siano pi\u00f9 in magazzino al momento dell&#8217;ordine. Se questo caso dovesse presentarsi, saresti subito avvisato via e-mail e ti verr\u00e0 offerta una soluzione (vedi &#8220;tempi di consegna&#8221;).<\/b><\/p>\n<p><b>\u00a0<\/b><\/p>\n<p><b>Modalit\u00e0 di pagamento<\/b><\/p>\n<p><b>\u00a0<\/b><\/p>\n<p><b>Il pagamento del tuo ordine viene effettuato tramite TWINT, Post Finance Card, PostFinance E-Finance, Visa, Mastercard, Maestro, Apple Pay, Samsung Pay, Paypal,Sofort<\/b><\/p>\n<p><b>\u00a0<\/b><\/p>\n<p><b>Il tuo ordine viene convalidato al ricevimento del pagamento.<\/b><\/p>\n<p><b>\u00a0<\/b><\/p>\n<p><b>La merce rimane di propriet\u00e0 di \u00d6ko Swiss fino alla riscossione dell&#8217;importo relativo.<\/b><\/p>\n<p><b>\u00a0<\/b><\/p>\n<p><b>\u00d6ko Swiss non memorizza alcun dato bancario.<\/b><\/p>\n<p><b>\u00a0<\/b><\/p>\n<p><b>Tempi di consegna<\/b><\/p>\n<p><b>\u00a0<\/b><\/p>\n<p><b>Un ordine accettato viene eseguito nel pi\u00f9 breve tempo possibile da \u00d6ko Swiss. Quando l&#8217;ordine viene spedito, ti viene inviata un&#8217;e-mail di conferma.<\/b><\/p>\n<p><b>\u00a0<\/b><\/p>\n<p><b>Al ricevimento del tuo ordine, controlliamo la disponibilit\u00e0 del(i) prodotto(i) ordinato(i). In caso di indisponibilit\u00e0, ci impegniamo entro 60 giorni dalla convalida dell&#8217;ordine a consegnarti il prodotto ordinato o a rimborsarti se la consegna non \u00e8 avvenuta dopo 60 giorni, data di convalida dell&#8217;ordine.<\/b><\/p>\n<p><b>\u00a0<\/b><\/p>\n<p><b>La data di convalida dell&#8217;ordine corrisponde a:<\/b><\/p>\n<p><b>\u00a0<\/b><\/p>\n<p><b>La data dell&#8217;ordine in caso di pagamento con carta di credito online.<\/b><\/p>\n<p><b>\u00a0<\/b><\/p>\n<p><b>La data di ricezione del bonifico in caso di pagamento tramite bonifico bancario.<\/b><\/p>\n<p><b>\u00a0<\/b><\/p>\n<p><b>In caso di esaurimento delle scorte su uno dei prodotti del tuo ordine, possiamo spedire il resto del tuo ordine con il tuo consenso. I termini sono prorogati di diritto in caso di ritardi non imputabili a \u00d6ko Swiss o in caso di forza maggiore che mettono \u00d6ko Swiss nell&#8217;impossibilit\u00e0 di eseguire tutto o parte del contratto.<\/b><\/p>\n<p><b>\u00a0<\/b><\/p>\n<p><b>Consegna<\/b><\/p>\n<p><b>\u00a0<\/b><\/p>\n<p><b>L&#8217;area di spedizione di tutti i nostri prodotti \u00e8 per il momento limitata ai paesi indicati nel negozio.<\/b><\/p>\n<p><b>\u00a0<\/b><\/p>\n<p><b>Se il tuo ordine ha pi\u00f9 articoli, la tua consegna potrebbe essere in pi\u00f9 pacchi. Le spedizioni sono trasportate dall&#8217;ufficio postale.<\/b><\/p>\n<p><b>\u00a0<\/b><\/p>\n<p><b>Un eventuale danno di trasporto deve essere annunciato immediatamente all&#8217;ufficio postale ed essere segnalato a noi. \u00c8 necessario verificare la conformit\u00e0 della merce consegnata.<\/b><\/p>\n<p><b>\u00a0<\/b><\/p>\n<p><b>Garanzia<\/b><\/p>\n<p><b>\u00a0<\/b><\/p>\n<p><b>\u00d6ko Swiss garantisce che non presenta alcun difetto che ne riduca il valore o la capacit\u00e0 di essere utilizzato come previsto, e rispetta le specifiche e i servizi descritti.<\/b><\/p>\n<p><b>\u00a0<\/b><\/p>\n<p><b>La garanzia non copre i danni dovuti all&#8217;uso improprio.<\/b><\/p>\n<p><b>\u00a0<\/b><\/p>\n<p><b>L&#8217;Acchirente beneficia gratuitamente della garanzia di 30 giorni data da \u00d6KO Swiss.<\/b><\/p>\n<p><b>\u00a0<\/b><\/p>\n<p><b>\u00d6KO Swiss non pu\u00f2 essere ritenuta responsabile per l&#8217;uso improprio e\/o l&#8217;uso intensivo degli articoli che il cliente potrebbe farne.<\/b><\/p>\n<p><b>\u00a0<\/b><\/p>\n<p><b>La procedura per un&#8217;eventuale presa in carico del servizio post-vendita:<\/b><\/p>\n<p><b>\u00a0<\/b><\/p>\n<p><b>Invia una foto anche se il difetto non \u00e8 evidente e una descrizione precisa del problema via e-mail all&#8217;indirizzo contact@oko-swiss.ch specificando il numero d&#8217;ordine.<\/b><\/p>\n<p><b>\u00a0<\/b><\/p>\n<p><b>Al ricevimento di queste informazioni, \u00d6ko Swiss decider\u00e0 se prendere in carico o meno il prodotto(i) in servizio post-vendita.<\/b><\/p>\n<p><b>\u00a0<\/b><\/p>\n<p><b>L&#8217;acquirente invier\u00e0 il prodotto pulito insieme al numero d&#8217;ordine.<\/b><\/p>\n<p><b>\u00a0<\/b><\/p>\n<p><b>Al ricevimento del reso, \u00d6ko Swiss proceder\u00e0 allo scambio del\/i prodotto\/i con una nuova spedizione a sue spese.<\/b><\/p>\n<p><b>\u00a0<\/b><\/p>\n<p><b>Esclusione<\/b><\/p>\n<p><b>\u00a0<\/b><\/p>\n<p><b>La garanzia non copre:<\/b><\/p>\n<p><b>\u00a0<\/b><\/p>\n<p><b>L&#8217;uso anormale o non conforme dei prodotti. \u00d6ko Swiss invita a questo proposito l&#8217;Acquerente a consultare attentamente le istruzioni per l&#8217;uso fornite con i prodotti,<\/b><\/p>\n<p><b>\u00a0<\/b><\/p>\n<p><b>I difetti e le loro conseguenze legate all&#8217;uso non conforme all&#8217;uso per il quale il prodotto \u00e8 destinato,<\/b><\/p>\n<p><b>\u00a0<\/b><\/p>\n<p><b>I difetti e le loro conseguenze legate a qualsiasi causa esterna,<\/b><\/p>\n<p><b>\u00a0<\/b><\/p>\n<p><b>Danni causati al mezzo filtrante da un uso vietato dal produttore come la filtrazione di soda, colas, bevande calde e tutto ci\u00f2 che non \u00e8 acqua,<\/b><\/p>\n<p><b>\u00a0<\/b><\/p>\n<p><b>Danni causati da una caduta o da una cattiva manipolazione da parte del cliente.<\/b><\/p>\n<p><b>\u00a0<\/b><\/p>\n<p><b>Cattiva manutenzione, cattiva manipolazione, mancato rispetto delle istruzioni per l&#8217;uso, normale usura, comprese schegge o graffi di vernice, nonch\u00e9 tutti i danni causati da modifica o riparazione non autorizzata, incidente, calore, eccessiva esposizione al sole o cattiva conservazione.<\/b><\/p>\n<p><b>\u00a0<\/b><\/p>\n<p><b>Ritorno<\/b><\/p>\n<p><b>\u00a0<\/b><\/p>\n<p><b>In caso di errore, difetto o non conformit\u00e0 dei prodotti, l&#8217;acquirente ha 7 giorni dopo il ricevimento della merce per restituire i prodotti ordinati a \u00d6ko Swiss per lo scambio o il rimborso senza penalit\u00e0, ad eccezione delle spese di restituzione.<\/b><\/p>\n<p><b>\u00a0<\/b><\/p>\n<p><b>Tutte le richieste di resi devono essere fatte via e-mail. I prodotti restituiti devono essere completi, nuovi, non utilizzati, nel loro stato originale e accompagnati dai loro accessori e da una copia della fattura.<\/b><\/p>\n<p><b>\u00a0<\/b><\/p>\n<p><b>Le spese di restituzione sono a carico dell&#8217;acquirente, che deve restituire i prodotti nell&#8217;imballaggio originale e di spedizione di \u00d6ko Swiss. In caso di mancato rispetto delle disposizioni di cui sopra, una tassa di elaborazione di CHF 30.- sar\u00e0 riscossa e addebitata dell&#8217;importo a favore dell&#8217;acquirente.<\/b><\/p>\n<p><b>\u00a0<\/b><\/p>\n<p><b>Controversie<\/b><\/p>\n<p><b>\u00a0<\/b><\/p>\n<p><b>In caso di controversia, l&#8217;acquirente si rivolger\u00e0 in via prioritaria a \u00d6ko Swiss che si sforzer\u00e0 di trovare con lui una soluzione accettabile per tutte le parti. Il presente contratto \u00e8 soggetto alla legge svizzera. Per tutti gli altri casi non disciplinati dalle presenti condizioni di vendita, si applica il Codice delle Obbligazioni Svizzera. Il for esclusivo \u00e8 a Neuch\u00e2tel (Svizzera).<\/b><\/p>\n<p><b>\u00a0<\/b><\/p>\n<p><b>\u00d6ko Swiss non pu\u00f2 essere ritenuta responsabile per danni di qualsiasi tipo, sia materiali che immateriali o corporali, che potrebbero derivare da un malfunzionamento o dall&#8217;uso improprio dei prodotti commercializzati. Lo stesso vale per le eventuali modifiche dei prodotti risultanti dai produttori. La responsabilit\u00e0 di \u00d6ko Swiss sar\u00e0, in ogni caso, limitata all&#8217;importo dell&#8217;ordine e non pu\u00f2 essere messa in discussione per semplici errori o omissioni che avrebbero potuto sussistere nonostante tutte le precauzioni prese nella presentazione dei prodotti. La scelta e l&#8217;acquisto di un prodotto o di un servizio sono di esclusiva responsabilit\u00e0 del cliente. L&#8217;impossibilit\u00e0 totale o parziale di utilizzare i prodotti, in particolare a causa dell&#8217;incompatibilit\u00e0 del materiale, non pu\u00f2 dar luogo ad alcun risarcimento, rimborso o messa in discussione della responsabilit\u00e0 di \u00d6ko Swiss, tranne nel caso di un difetto nascosto provato, di non conformit\u00e0, difettosit\u00e0 o di esercizio del diritto di recesso previsto.<\/b><\/p>\n<p><b>\u00a0<\/b><\/p>\n<p><b>Protezione dei dati<\/b><\/p>\n<p><b>\u00a0<\/b><\/p>\n<p><b>L&#8217;informazione delle informazioni nominative raccolte nell&#8217;ambito della vendita a distanza \u00e8 obbligatoria, essendo queste informazioni necessarie per l&#8217;elaborazione e la consegna degli ordini e per l&#8217;emissione delle fatture. \u00d6ko Swiss si impegna a rispettare le disposizioni della legge federale sulla protezione dei dati. Tutti i dati personali trasmessi dal cliente sono trattati in modo confidenziale e non saranno in alcun modo ceduti a terzi. Il cliente ha la possibilit\u00e0 di modificare i suoi dati personali in qualsiasi momento.<\/b><\/p>\n<p><b>\u00a0<\/b><\/p>\n<p><b>Copyright<\/b><\/p>\n<p><b>\u00a0<\/b><\/p>\n<p><b>\u00d6ko Swiss conserva il diritto di diffusione e copia su tutti i dati messi a disposizione sul sito www.\u00f6ko-swiss.ch e vieta la diffusione e la copia di tutti i documenti, immagini, loghi, estratti di testo, specifiche tecniche che possono essere tratti dal sito web a chiunque salvo autorizzazione scritta.<\/b><\/p>\n<\/div>\n\t\t\t\t\t\t\t\t<\/div>\n\t\t\t\t<\/div>\n\t\t\t\t\t<\/div>\n\t\t<\/div>\n\t\t\t\t\t<\/div>\n\t\t<\/section>\n\t\t\t\t<\/div>\n\t\t","protected":false},"excerpt":{"rendered":"<p>Condizioni generali di vendita Preambolo Accettazione delle condizioni Il cliente riconosce di aver preso conoscenza, al momento dell&#8217;ordine, delle condizioni indicate sul sito www.\u00f6ko-swiss.ch e dichiara espressamente di accettarle senza riserve. Le presenti condizioni d&#8217;uso regolano i rapporti contrattuali tra \u00d6ko Swiss e il suo cliente, entrambe le parti le accettano senza riserve. \u00a0 Ordine [&hellip;]<\/p>\n","protected":false},"author":1,"featured_media":0,"parent":0,"menu_order":0,"comment_status":"closed","ping_status":"closed","template":"elementor_header_footer","meta":{"_acf_changed":false,"footnotes":""},"class_list":["post-3295","page","type-page","status-publish","hentry"],"acf":[],"yoast_head":"<!-- This site is optimized with the Yoast SEO plugin v27.6 - https:\/\/yoast.com\/product\/yoast-seo-wordpress\/ -->\n<title>Condizioni generali di vendita - \u00d6KO<\/title>\n<meta name=\"robots\" content=\"index, follow, max-snippet:-1, max-image-preview:large, max-video-preview:-1\" \/>\n<link rel=\"canonical\" href=\"https:\/\/oko-swiss.ch\/conditions-generales-de-vente\/\" \/>\n<meta property=\"og:locale\" content=\"it_IT\" \/>\n<meta property=\"og:type\" content=\"article\" \/>\n<meta property=\"og:title\" content=\"Condizioni generali di vendita - \u00d6KO\" \/>\n<meta property=\"og:description\" content=\"Condizioni generali di vendita Preambolo Accettazione delle condizioni Il cliente riconosce di aver preso conoscenza, al momento dell&#8217;ordine, delle condizioni indicate sul sito www.\u00f6ko-swiss.ch e dichiara espressamente di accettarle senza riserve. Le presenti condizioni d&#8217;uso regolano i rapporti contrattuali tra \u00d6ko Swiss e il suo cliente, entrambe le parti le accettano senza riserve. \u00a0 Ordine [&hellip;]\" \/>\n<meta property=\"og:url\" content=\"https:\/\/oko-swiss.ch\/conditions-generales-de-vente\/\" \/>\n<meta property=\"og:site_name\" content=\"\u00d6KO\" \/>\n<meta property=\"article:publisher\" content=\"https:\/\/www.facebook.com\/profile.php?id=61553929983457\" \/>\n<meta property=\"article:modified_time\" content=\"2025-02-18T09:40:16+00:00\" \/>\n<meta name=\"twitter:card\" content=\"summary_large_image\" \/>\n<meta name=\"twitter:label1\" content=\"Tempo di lettura stimato\" \/>\n\t<meta name=\"twitter:data1\" content=\"7 minuti\" \/>\n<script type=\"application\/ld+json\" class=\"yoast-schema-graph\">{\"@context\":\"https:\\\/\\\/schema.org\",\"@graph\":[{\"@type\":\"WebPage\",\"@id\":\"https:\\\/\\\/oko-swiss.ch\\\/conditions-generales-de-vente\\\/\",\"url\":\"https:\\\/\\\/oko-swiss.ch\\\/conditions-generales-de-vente\\\/\",\"name\":\"Condizioni generali di vendita - \u00d6KO\",\"isPartOf\":{\"@id\":\"https:\\\/\\\/oko-swiss.ch\\\/#website\"},\"datePublished\":\"2023-12-15T13:58:46+00:00\",\"dateModified\":\"2025-02-18T09:40:16+00:00\",\"breadcrumb\":{\"@id\":\"https:\\\/\\\/oko-swiss.ch\\\/conditions-generales-de-vente\\\/#breadcrumb\"},\"inLanguage\":\"it-IT\",\"potentialAction\":[{\"@type\":\"ReadAction\",\"target\":[\"https:\\\/\\\/oko-swiss.ch\\\/conditions-generales-de-vente\\\/\"]}]},{\"@type\":\"BreadcrumbList\",\"@id\":\"https:\\\/\\\/oko-swiss.ch\\\/conditions-generales-de-vente\\\/#breadcrumb\",\"itemListElement\":[{\"@type\":\"ListItem\",\"position\":1,\"name\":\"Accueil\",\"item\":\"https:\\\/\\\/oko-swiss.ch\\\/\"},{\"@type\":\"ListItem\",\"position\":2,\"name\":\"Condizioni generali di vendita\"}]},{\"@type\":\"WebSite\",\"@id\":\"https:\\\/\\\/oko-swiss.ch\\\/#website\",\"url\":\"https:\\\/\\\/oko-swiss.ch\\\/\",\"name\":\"\u00d6KO Swiss\",\"description\":\"Gourde Filtrante \u00c9co-responsable\",\"publisher\":{\"@id\":\"https:\\\/\\\/oko-swiss.ch\\\/#organization\"},\"potentialAction\":[{\"@type\":\"SearchAction\",\"target\":{\"@type\":\"EntryPoint\",\"urlTemplate\":\"https:\\\/\\\/oko-swiss.ch\\\/?s={search_term_string}\"},\"query-input\":{\"@type\":\"PropertyValueSpecification\",\"valueRequired\":true,\"valueName\":\"search_term_string\"}}],\"inLanguage\":\"it-IT\"},{\"@type\":\"Organization\",\"@id\":\"https:\\\/\\\/oko-swiss.ch\\\/#organization\",\"name\":\"Gourde filtrante\",\"url\":\"https:\\\/\\\/oko-swiss.ch\\\/\",\"logo\":{\"@type\":\"ImageObject\",\"inLanguage\":\"it-IT\",\"@id\":\"https:\\\/\\\/oko-swiss.ch\\\/#\\\/schema\\\/logo\\\/image\\\/\",\"url\":\"https:\\\/\\\/oko-swiss.ch\\\/wp-content\\\/uploads\\\/2023\\\/11\\\/Oko-Swiss-01.png\",\"contentUrl\":\"https:\\\/\\\/oko-swiss.ch\\\/wp-content\\\/uploads\\\/2023\\\/11\\\/Oko-Swiss-01.png\",\"width\":2560,\"height\":1978,\"caption\":\"Gourde filtrante\"},\"image\":{\"@id\":\"https:\\\/\\\/oko-swiss.ch\\\/#\\\/schema\\\/logo\\\/image\\\/\"},\"sameAs\":[\"https:\\\/\\\/www.facebook.com\\\/profile.php?id=61553929983457\"]}]}<\/script>\n<!-- \/ Yoast SEO plugin. -->","yoast_head_json":{"title":"Condizioni generali di vendita - \u00d6KO","robots":{"index":"index","follow":"follow","max-snippet":"max-snippet:-1","max-image-preview":"max-image-preview:large","max-video-preview":"max-video-preview:-1"},"canonical":"https:\/\/oko-swiss.ch\/conditions-generales-de-vente\/","og_locale":"it_IT","og_type":"article","og_title":"Condizioni generali di vendita - \u00d6KO","og_description":"Condizioni generali di vendita Preambolo Accettazione delle condizioni Il cliente riconosce di aver preso conoscenza, al momento dell&#8217;ordine, delle condizioni indicate sul sito www.\u00f6ko-swiss.ch e dichiara espressamente di accettarle senza riserve. Le presenti condizioni d&#8217;uso regolano i rapporti contrattuali tra \u00d6ko Swiss e il suo cliente, entrambe le parti le accettano senza riserve. \u00a0 Ordine [&hellip;]","og_url":"https:\/\/oko-swiss.ch\/conditions-generales-de-vente\/","og_site_name":"\u00d6KO","article_publisher":"https:\/\/www.facebook.com\/profile.php?id=61553929983457","article_modified_time":"2025-02-18T09:40:16+00:00","twitter_card":"summary_large_image","twitter_misc":{"Tempo di lettura stimato":"7 minuti"},"schema":{"@context":"https:\/\/schema.org","@graph":[{"@type":"WebPage","@id":"https:\/\/oko-swiss.ch\/conditions-generales-de-vente\/","url":"https:\/\/oko-swiss.ch\/conditions-generales-de-vente\/","name":"Condizioni generali di vendita - \u00d6KO","isPartOf":{"@id":"https:\/\/oko-swiss.ch\/#website"},"datePublished":"2023-12-15T13:58:46+00:00","dateModified":"2025-02-18T09:40:16+00:00","breadcrumb":{"@id":"https:\/\/oko-swiss.ch\/conditions-generales-de-vente\/#breadcrumb"},"inLanguage":"it-IT","potentialAction":[{"@type":"ReadAction","target":["https:\/\/oko-swiss.ch\/conditions-generales-de-vente\/"]}]},{"@type":"BreadcrumbList","@id":"https:\/\/oko-swiss.ch\/conditions-generales-de-vente\/#breadcrumb","itemListElement":[{"@type":"ListItem","position":1,"name":"Accueil","item":"https:\/\/oko-swiss.ch\/"},{"@type":"ListItem","position":2,"name":"Condizioni generali di vendita"}]},{"@type":"WebSite","@id":"https:\/\/oko-swiss.ch\/#website","url":"https:\/\/oko-swiss.ch\/","name":"\u00d6KO Swiss","description":"Gourde Filtrante \u00c9co-responsable","publisher":{"@id":"https:\/\/oko-swiss.ch\/#organization"},"potentialAction":[{"@type":"SearchAction","target":{"@type":"EntryPoint","urlTemplate":"https:\/\/oko-swiss.ch\/?s={search_term_string}"},"query-input":{"@type":"PropertyValueSpecification","valueRequired":true,"valueName":"search_term_string"}}],"inLanguage":"it-IT"},{"@type":"Organization","@id":"https:\/\/oko-swiss.ch\/#organization","name":"Gourde filtrante","url":"https:\/\/oko-swiss.ch\/","logo":{"@type":"ImageObject","inLanguage":"it-IT","@id":"https:\/\/oko-swiss.ch\/#\/schema\/logo\/image\/","url":"https:\/\/oko-swiss.ch\/wp-content\/uploads\/2023\/11\/Oko-Swiss-01.png","contentUrl":"https:\/\/oko-swiss.ch\/wp-content\/uploads\/2023\/11\/Oko-Swiss-01.png","width":2560,"height":1978,"caption":"Gourde filtrante"},"image":{"@id":"https:\/\/oko-swiss.ch\/#\/schema\/logo\/image\/"},"sameAs":["https:\/\/www.facebook.com\/profile.php?id=61553929983457"]}]}},"_links":{"self":[{"href":"https:\/\/oko-swiss.ch\/it\/wp-json\/wp\/v2\/pages\/3295","targetHints":{"allow":["GET"]}}],"collection":[{"href":"https:\/\/oko-swiss.ch\/it\/wp-json\/wp\/v2\/pages"}],"about":[{"href":"https:\/\/oko-swiss.ch\/it\/wp-json\/wp\/v2\/types\/page"}],"author":[{"embeddable":true,"href":"https:\/\/oko-swiss.ch\/it\/wp-json\/wp\/v2\/users\/1"}],"replies":[{"embeddable":true,"href":"https:\/\/oko-swiss.ch\/it\/wp-json\/wp\/v2\/comments?post=3295"}],"version-history":[{"count":4,"href":"https:\/\/oko-swiss.ch\/it\/wp-json\/wp\/v2\/pages\/3295\/revisions"}],"predecessor-version":[{"id":5199,"href":"https:\/\/oko-swiss.ch\/it\/wp-json\/wp\/v2\/pages\/3295\/revisions\/5199"}],"wp:attachment":[{"href":"https:\/\/oko-swiss.ch\/it\/wp-json\/wp\/v2\/media?parent=3295"}],"curies":[{"name":"wp","href":"https:\/\/api.w.org\/{rel}","templated":true}]}}