{"id":3301,"date":"2023-12-15T14:50:50","date_gmt":"2023-12-15T13:50:50","guid":{"rendered":"https:\/\/oko-swiss.ch\/note-legali\/"},"modified":"2025-02-09T11:15:04","modified_gmt":"2025-02-09T10:15:04","slug":"note-legali","status":"publish","type":"page","link":"https:\/\/oko-swiss.ch\/it\/note-legali\/","title":{"rendered":"Note legali"},"content":{"rendered":"\t\t<div data-elementor-type=\"wp-page\" data-elementor-id=\"3301\" class=\"elementor elementor-3301 elementor-1564\" data-elementor-post-type=\"page\">\n\t\t\t\t\t\t<section class=\"elementor-section elementor-top-section elementor-element elementor-element-2cbf24d elementor-section-boxed elementor-section-height-default elementor-section-height-default\" data-id=\"2cbf24d\" data-element_type=\"section\" data-e-type=\"section\">\n\t\t\t\t\t\t<div class=\"elementor-container elementor-column-gap-default\">\n\t\t\t\t\t<div class=\"elementor-column elementor-col-100 elementor-top-column elementor-element elementor-element-2dfb331\" data-id=\"2dfb331\" data-element_type=\"column\" data-e-type=\"column\">\n\t\t\t<div class=\"elementor-widget-wrap\">\n\t\t\t\t\t\t\t<\/div>\n\t\t<\/div>\n\t\t\t\t\t<\/div>\n\t\t<\/section>\n\t\t\t\t<section class=\"elementor-section elementor-top-section elementor-element elementor-element-0757991 elementor-section-boxed elementor-section-height-default elementor-section-height-default\" data-id=\"0757991\" data-element_type=\"section\" data-e-type=\"section\">\n\t\t\t\t\t\t<div class=\"elementor-container elementor-column-gap-default\">\n\t\t\t\t\t<div class=\"elementor-column elementor-col-100 elementor-top-column elementor-element elementor-element-7e62759\" data-id=\"7e62759\" data-element_type=\"column\" data-e-type=\"column\">\n\t\t\t<div class=\"elementor-widget-wrap elementor-element-populated\">\n\t\t\t\t\t\t<div class=\"elementor-element elementor-element-2247786 elementor-widget elementor-widget-heading\" data-id=\"2247786\" data-element_type=\"widget\" data-e-type=\"widget\" data-widget_type=\"heading.default\">\n\t\t\t\t<div class=\"elementor-widget-container\">\n\t\t\t\t\t<h2 class=\"elementor-heading-title elementor-size-default\">Note legali<\/h2>\t\t\t\t<\/div>\n\t\t\t\t<\/div>\n\t\t\t\t<div class=\"elementor-element elementor-element-391bec4 elementor-widget elementor-widget-text-editor\" data-id=\"391bec4\" data-element_type=\"widget\" data-e-type=\"widget\" data-widget_type=\"text-editor.default\">\n\t\t\t\t<div class=\"elementor-widget-container\">\n\t\t\t\t\t\t\t\t\t<p class=\"p1\"><b>Dati di contatto dell&#8217;azienda<\/b><\/p><p class=\"p1\"><b>\u00a0<\/b><\/p><p class=\"p1\"><b>\u00d6ko Suisse \u00e8 pubblicato sotto<\/b><\/p><p class=\"p1\"><b>\u00a0<\/b><\/p><p class=\"p1\"><b>Cool-ness S\u00e0rl<\/b><\/p><p class=\"p1\"><b>\u00a0<\/b><\/p><p class=\"p1\"><b>Chemin des Ch\u00eanes 16, 2072 St-Blaise Svizzera.<\/b><\/p><p class=\"p1\"><b>\u00a0<\/b><\/p><p class=\"p1\"><b>Webmaster del sito: Valentino Pedone, raggiungibile via mail all&#8217;indirizzo info@theiceberg.ch<\/b><\/p><p class=\"p1\"><b>\u00a0<\/b><\/p><p class=\"p1\"><b>Host del sito: Infomaniak, che \u00e8 domiciliato Rue Eug\u00e8ne-Marziano 25 1227 Les Acacias e raggiungibile telefonicamente al +4184455155<\/b><\/p><p class=\"p1\"><b>\u00a0<\/b><\/p><p class=\"p1\"><b>Propriet\u00e0 intellettuale e contraffazioni<\/b><\/p><p class=\"p1\"><span style=\"text-decoration: underline;\"><b>\u00d6KO-Swiss \u00e8 un distributore di prodotti \u00d6KO. \u00d6KO\u00ae\ufe0f \u00e8 un marchio registrato di Worldway Industrial Corp., Newport Beach, California, USA\u00a0<\/b><\/span><\/p><p class=\"p1\"><b>La societ\u00e0 Cool-ness S\u00e0rl \u00e8 proprietaria dei diritti di propriet\u00e0 intellettuale o detiene i diritti di utilizzo su tutti gli elementi accessibili sul sito, in particolare: testi, immagini, grafica, logo, icone,&#8230;<\/b><\/p><p class=\"p1\"><b>\u00a0<\/b><\/p><p class=\"p1\"><b>Qualsiasi riproduzione, rappresentazione, modifica, pubblicazione, adattamento di tutti o parte degli elementi del sito, indipendentemente dal mezzo o dal processo utilizzato, \u00e8 vietata, salvo previa autorizzazione scritta della societ\u00e0 cool-ness s\u00e0rl.<\/b><\/p><p class=\"p1\"><b>\u00a0<\/b><\/p><p class=\"p1\"><b>Accettazione delle CGU<\/b><\/p><p class=\"p1\"><b>\u00a0<\/b><\/p><p class=\"p1\"><b>Cliccando sulla casella prevista a tal fine al momento dell&#8217;arrivo sul Sito, l&#8217;utente riconosce di aver letto, compreso e accettato di essere espressamente e senza riserve soggetto a tutte le disposizioni delle CGU e della Politica sulla privacy dell&#8217;Editore.<\/b><\/p><p class=\"p1\"><b>\u00a0<\/b><\/p><p class=\"p1\"><b>L&#8217;Editore si riserva il diritto di modificare in qualsiasi momento e senza preavviso le presenti CGU. In tal caso, gli Utenti riconoscono di aver letto, compreso e accettato espressamente e senza riserve le nuove condizioni generali cliccando nella casella prevista a tal fine.<\/b><\/p><p class=\"p1\"><b>\u00a0<\/b><\/p><p class=\"p1\"><b>Modifiche successive<\/b><\/p><p class=\"p1\"><b>\u00a0<\/b><\/p><p class=\"p1\"><b>L&#8217;utente accetta che l&#8217;Editore pu\u00f2, a sua esclusiva discrezione e senza responsabilit\u00e0 nei confronti dell&#8217;utente, con o senza motivo, con o senza preavviso, in qualsiasi momento, modificare, sospendere o chiudere il Sito.<\/b><\/p><p class=\"p1\"><b>\u00a0<\/b><\/p><p class=\"p1\"><b>Esclusione di responsabilit\u00e0<\/b><\/p><p class=\"p1\"><b>\u00a0<\/b><\/p><p class=\"p1\"><b>Fatte sogge le disposizioni legali imperative del diritto svizzero, l&#8217;Editore declina ogni responsabilit\u00e0 per qualsiasi danno diretto o indiretto, di qualsiasi natura, che possa derivare dall&#8217;uso o dall&#8217;impossibilit\u00e0 di utilizzo del Sito.<\/b><\/p><p class=\"p1\"><b>\u00a0<\/b><\/p><p class=\"p1\"><b>In particolare, l&#8217;Editore declina ogni responsabilit\u00e0 in caso di errore o omissione per quanto riguarda il contenuto delle informazioni, dei dati o di qualsiasi altro termine che appaiono sul Sito, ma anche per quanto riguarda le conseguenze dell&#8217;uso che potrebbe essere fatto di questi.<\/b><\/p><p class=\"p1\"><b>\u00a0<\/b><\/p><p class=\"p1\"><b>L&#8217;Editore esclude espressamente qualsiasi responsabilit\u00e0 per danni diretti o indiretti in caso di uso improprio o uso dannoso del Sito da parte di terzi (in particolare in caso di attacco informatico).<\/b><\/p><p class=\"p1\"><b>\u00a0<\/b><\/p><p class=\"p1\"><b>Inoltre, l&#8217;Editore esclude qualsiasi responsabilit\u00e0 a causa di terzi o di qualsiasi eventuale ausiliario.<\/b><\/p><p class=\"p1\"><b>\u00a0<\/b><\/p><p class=\"p1\"><b>Responsabilit\u00e0 dell&#8217;Utente<\/b><\/p><p class=\"p1\"><b>\u00a0<\/b><\/p><p class=\"p1\"><b>L&#8217;uso del Sito avviene sotto la sola e completa responsabilit\u00e0 dell&#8217;Utente.<\/b><\/p><p class=\"p1\"><b>\u00a0<\/b><\/p><p class=\"p1\"><b>L&#8217;Utente si impegna a non utilizzare mai alcuno strumento, software o processo per diminuire, o tentare di diminuire, il corretto funzionamento del Sito. \u00c8 inoltre vietato all&#8217;Utente eseguire azioni sul Sito idonee a generare un carico irragionevole o sproporzionato sull&#8217;infrastruttura del Sito.<\/b><\/p><p class=\"p1\"><b>\u00a0<\/b><\/p><p class=\"p1\"><b>L&#8217;uso di informazioni o di qualsiasi tipo di contenuto trovato sul Sito \u00e8 interamente sotto la responsabilit\u00e0 dell&#8217;Utente.<\/b><\/p><p class=\"p1\"><b>\u00a0<\/b><\/p><p class=\"p1\"><b>L&#8217;Utente \u00e8 responsabile nei confronti dell&#8217;Editore di qualsiasi danno di qualsiasi natura che causa durante l&#8217;utilizzo del Sito. L&#8217;Utente si impegna a esonerare da ogni responsabilit\u00e0 e a indennizzare l&#8217;Editore per qualsiasi utilizzo del Sito contrario alle presenti CGU.<\/b><\/p><p class=\"p1\"><b>\u00a0<\/b><\/p><p class=\"p1\"><b>I messaggi virtuali, audio, audiovisivi, scritti e qualsiasi altra pubblicazione di un utente sul Sito devono essere liberi da qualsiasi diritto e sono trasmessi su di esso sotto la sola e completa responsabilit\u00e0 dell&#8217;Utente.<\/b><\/p><p class=\"p1\"><b>\u00a0<\/b><\/p><p class=\"p1\"><b>Collegamenti ipertestuali<\/b><\/p><p class=\"p1\"><b>\u00a0<\/b><\/p><p class=\"p1\"><b>Il Sito pu\u00f2 contenere collegamenti ipertestuali che rimandano a siti web di terzi. L&#8217;Utente clicca su questi link sotto la sua esclusiva e completa responsabilit\u00e0.<\/b><\/p><p class=\"p1\"><b>\u00a0<\/b><\/p><p class=\"p1\"><b>Pertanto, l&#8217;Editore non pu\u00f2 essere ritenuto responsabile dei collegamenti ipertestuali proposti, n\u00e9 per il contenuto delle pagine\/siti web su cui questi link reindirizzano l&#8217;Utente. L&#8217;Editore declina inoltre ogni responsabilit\u00e0 per qualsiasi danno, diretto o indiretto, subito dall&#8217;Utente a causa della consultazione e\/o dell&#8217;uso delle pagine\/siti web di terzi.<\/b><\/p><p class=\"p1\"><b>\u00a0<\/b><\/p><p class=\"p1\"><b>Politica di moderazione<\/b><\/p><p class=\"p1\"><b>\u00a0<\/b><\/p><p class=\"p1\"><b>L&#8217;Utente acconsente che l&#8217;Editore possa rimuovere qualsiasi pubblicazione che ritenga, in modo discrezionale, contrario ai costumi, razzista, incitante all&#8217;odio, violenta, che violi la personalit\u00e0 o l&#8217;integrit\u00e0 di terzi o in modo generale contrario allo spirito del Sito.<\/b><\/p><p class=\"p1\"><b>\u00a0<\/b><\/p><p class=\"p1\"><b>In nessun caso l&#8217;Editore potr\u00e0 essere ritenuto responsabile della cancellazione di una pubblicazione per i motivi sopra esposti.<\/b><\/p><p class=\"p1\"><b>\u00a0<\/b><\/p><p class=\"p1\"><b>Cookie e traccianti<\/b><\/p><p class=\"p1\"><b>\u00a0<\/b><\/p><p class=\"p1\"><b>Il sito web https:\/\/oko-swiss.ch\/ e www.cool-ness.ch hanno un sistema di misurazione dell&#8217;audience, nonch\u00e9 una funzione di condivisione sui social network.<\/b><\/p><p class=\"p1\"><b>\u00a0<\/b><\/p><p class=\"p1\"><b>In applicazione della direttiva europea detta &#8220;pacchetto telecomunicazioni&#8221;, gli utenti di Internet devono essere informati e dare il loro consenso prima dell&#8217;inserimento di traccianti (pi\u00f9 comunemente chiamati &#8220;cookie&#8221;). Gli utenti di Internet devono avere la possibilit\u00e0 di scegliere di non essere tracciati quando visitano un sito o utilizzano un&#8217;applicazione. Gli editori di siti web hanno quindi l&#8217;obbligo di richiedere in anticipo il consenso degli utenti.<\/b><\/p><p class=\"p1\"><b>\u00a0<\/b><\/p><p class=\"p1\"><b>Il rifiuto di installare un cookie pu\u00f2 comportare l&#8217;impossibilit\u00e0 di accedere a determinati servizi. L&#8217;utente di Internet pu\u00f2 tuttavia configurare il suo browser Internet per rifiutare l&#8217;installazione dei cookie.<\/b><\/p><p class=\"p1\"><b>\u00a0<\/b><\/p><p class=\"p1\"><b>Misurazione dell&#8217;audience<\/b><\/p><p class=\"p1\"><b>\u00a0<\/b><\/p><p class=\"p1\"><b>I cookie di misurazione dell&#8217;audience sono piccoli file che consentono di conoscere e analizzare le statistiche sul traffico sul sito web: le pagine visitate, il numero di visite, la frequenza di rimbalzo, la provenienza delle visite,&#8230; I cookie di misurazione dell&#8217;audience sono totalmente anonimi.<\/b><\/p><p class=\"p1\"><b>\u00a0<\/b><\/p><p class=\"p1\"><b>Su questo sito, \u00e8 la soluzione Google Analytics che viene utilizzata per misurare il pubblico.<\/b><\/p><p class=\"p1\"><b>\u00a0<\/b><\/p><p class=\"p1\"><b>Reti sociali<\/b><\/p><p class=\"p1\"><b>\u00a0<\/b><\/p><p class=\"p1\"><b>I cookie legati ai social network sono associati ai pulsanti che facilitano la condivisione di pagine e articoli sui social network.<\/b><\/p><p class=\"p1\"><b>\u00a0<\/b><\/p><p class=\"p1\"><b>Modulo di contatto e commenti<\/b><\/p><p class=\"p1\"><b>\u00a0<\/b><\/p><p class=\"p1\"><b>Potresti doverci fornire il tuo indirizzo e-mail quando compili il nostro modulo di contatto o invii un commento su uno degli articoli del sito https:\/\/oko-swiss.ch\/ cos\u00ec come www.cool-ness.ch<\/b><\/p><p class=\"p1\"><b>\u00a0<\/b><\/p><p class=\"p1\"><b>In nessun caso il tuo indirizzo e-mail sar\u00e0 ceduto a terzi.<\/b><\/p><p class=\"p1\"><b>\u00a0<\/b><\/p><p class=\"p1\"><b>Moderazione dei commenti<\/b><\/p><p class=\"p1\"><b>\u00a0<\/b><\/p><p class=\"p1\"><b>La scelta di convalida di un commento sul sito www.cool-ness.ch \u00e8 lasciata all&#8217;intera discrezione del responsabile della pubblicazione. I commenti possono essere cancellati, modificati e corretti per una migliore comprensione dei visitatori (in particolare per l&#8217;ortografia).<\/b><\/p><p class=\"p1\"><b>\u00a0<\/b><\/p><p class=\"p1\"><b>Newsletter<\/b><\/p><p class=\"p1\"><b>\u00a0<\/b><\/p><p class=\"p1\"><b>Puoi iscriverti alla newsletter del sito. Ricevi quindi automaticamente e gratuitamente newsletter che trattano gli argomenti del sito www.cool-ness.ch o https:\/\/oko-swiss.ch\/<\/b><\/p><p class=\"p1\"><b>\u00a0<\/b><\/p><p class=\"p1\"><b>Collegamenti ipertestuali<\/b><\/p><p class=\"p1\"><b>\u00a0<\/b><\/p><p class=\"p1\"><b>Questo sito web contiene una serie di collegamenti ipertestuali ad altri siti. Tuttavia, www.cool-ness.ch o https:\/\/oko-swiss.ch\/ non ha la possibilit\u00e0 di seguire e verificare il contenuto di questi siti, e di conseguenza non si assumer\u00e0 alcuna responsabilit\u00e0 per questo fatto.<\/b><\/p><p class=\"p1\"><b>\u00a0<\/b><\/p><p class=\"p1\"><b>Feed RSS<\/b><\/p><p class=\"p1\"><b>\u00a0<\/b><\/p><p class=\"p1\"><b>I feed RSS sono destinati esclusivamente ai visitatori del sito per uso personale e non possono in alcun modo essere utilizzati per alimentare altri siti, salvo previa autorizzazione scritta di www.cool-ness.ch o https:\/\/oko-swiss.ch\/<\/b><\/p><p class=\"p1\"><b>\u00a0<\/b><\/p><p class=\"p1\"><b>Politica sulla privacy e sulla protezione dei dati<\/b><\/p><p class=\"p1\"><b>\u00a0<\/b><\/p><p class=\"p1\"><b>Utilizzando il Sito, l&#8217;utente fornisce una serie di dati personali e altre informazioni su di lei. L&#8217;Editore si impegna a raccoglierli e a trattarli in conformit\u00e0 con l&#8217;Informativa sulla privacy. L&#8217;Informativa sulla privacy \u00e8 parte integrante delle presenti CGU.<\/b><\/p>\t\t\t\t\t\t\t\t<\/div>\n\t\t\t\t<\/div>\n\t\t\t\t\t<\/div>\n\t\t<\/div>\n\t\t\t\t\t<\/div>\n\t\t<\/section>\n\t\t\t\t<\/div>\n\t\t","protected":false},"excerpt":{"rendered":"<p>Note legali Dati di contatto dell&#8217;azienda \u00a0 \u00d6ko Suisse \u00e8 pubblicato sotto \u00a0 Cool-ness S\u00e0rl \u00a0 Chemin des Ch\u00eanes 16, 2072 St-Blaise Svizzera. \u00a0 Webmaster del sito: Valentino Pedone, raggiungibile via mail all&#8217;indirizzo info@theiceberg.ch \u00a0 Host del sito: Infomaniak, che \u00e8 domiciliato Rue Eug\u00e8ne-Marziano 25 1227 Les Acacias e raggiungibile telefonicamente al +4184455155 \u00a0 Propriet\u00e0 [&hellip;]<\/p>\n","protected":false},"author":1,"featured_media":0,"parent":0,"menu_order":0,"comment_status":"closed","ping_status":"closed","template":"elementor_header_footer","meta":{"_acf_changed":false,"footnotes":""},"class_list":["post-3301","page","type-page","status-publish","hentry"],"acf":[],"yoast_head":"<!-- This site is optimized with the Yoast SEO plugin v27.5 - https:\/\/yoast.com\/product\/yoast-seo-wordpress\/ -->\n<title>Note legali - \u00d6KO<\/title>\n<meta name=\"robots\" content=\"index, follow, max-snippet:-1, max-image-preview:large, max-video-preview:-1\" \/>\n<link rel=\"canonical\" href=\"https:\/\/oko-swiss.ch\/mentions-legales\/\" \/>\n<meta property=\"og:locale\" content=\"it_IT\" \/>\n<meta property=\"og:type\" content=\"article\" \/>\n<meta property=\"og:title\" content=\"Note legali - \u00d6KO\" \/>\n<meta property=\"og:description\" content=\"Note legali Dati di contatto dell&#8217;azienda \u00a0 \u00d6ko Suisse \u00e8 pubblicato sotto \u00a0 Cool-ness S\u00e0rl \u00a0 Chemin des Ch\u00eanes 16, 2072 St-Blaise Svizzera. \u00a0 Webmaster del sito: Valentino Pedone, raggiungibile via mail all&#8217;indirizzo info@theiceberg.ch \u00a0 Host del sito: Infomaniak, che \u00e8 domiciliato Rue Eug\u00e8ne-Marziano 25 1227 Les Acacias e raggiungibile telefonicamente al +4184455155 \u00a0 Propriet\u00e0 [&hellip;]\" \/>\n<meta property=\"og:url\" content=\"https:\/\/oko-swiss.ch\/mentions-legales\/\" \/>\n<meta property=\"og:site_name\" content=\"\u00d6KO\" \/>\n<meta property=\"article:publisher\" content=\"https:\/\/www.facebook.com\/profile.php?id=61553929983457\" \/>\n<meta property=\"article:modified_time\" content=\"2025-02-09T10:15:04+00:00\" \/>\n<meta name=\"twitter:card\" content=\"summary_large_image\" \/>\n<meta name=\"twitter:label1\" content=\"Tempo di lettura stimato\" \/>\n\t<meta name=\"twitter:data1\" content=\"6 minuti\" \/>\n<script type=\"application\/ld+json\" class=\"yoast-schema-graph\">{\"@context\":\"https:\\\/\\\/schema.org\",\"@graph\":[{\"@type\":\"WebPage\",\"@id\":\"https:\\\/\\\/oko-swiss.ch\\\/mentions-legales\\\/\",\"url\":\"https:\\\/\\\/oko-swiss.ch\\\/mentions-legales\\\/\",\"name\":\"Note legali - \u00d6KO\",\"isPartOf\":{\"@id\":\"https:\\\/\\\/oko-swiss.ch\\\/#website\"},\"datePublished\":\"2023-12-15T13:50:50+00:00\",\"dateModified\":\"2025-02-09T10:15:04+00:00\",\"breadcrumb\":{\"@id\":\"https:\\\/\\\/oko-swiss.ch\\\/mentions-legales\\\/#breadcrumb\"},\"inLanguage\":\"it-IT\",\"potentialAction\":[{\"@type\":\"ReadAction\",\"target\":[\"https:\\\/\\\/oko-swiss.ch\\\/mentions-legales\\\/\"]}]},{\"@type\":\"BreadcrumbList\",\"@id\":\"https:\\\/\\\/oko-swiss.ch\\\/mentions-legales\\\/#breadcrumb\",\"itemListElement\":[{\"@type\":\"ListItem\",\"position\":1,\"name\":\"Accueil\",\"item\":\"https:\\\/\\\/oko-swiss.ch\\\/\"},{\"@type\":\"ListItem\",\"position\":2,\"name\":\"Note legali\"}]},{\"@type\":\"WebSite\",\"@id\":\"https:\\\/\\\/oko-swiss.ch\\\/#website\",\"url\":\"https:\\\/\\\/oko-swiss.ch\\\/\",\"name\":\"\u00d6KO Swiss\",\"description\":\"Gourde Filtrante \u00c9co-responsable\",\"publisher\":{\"@id\":\"https:\\\/\\\/oko-swiss.ch\\\/#organization\"},\"potentialAction\":[{\"@type\":\"SearchAction\",\"target\":{\"@type\":\"EntryPoint\",\"urlTemplate\":\"https:\\\/\\\/oko-swiss.ch\\\/?s={search_term_string}\"},\"query-input\":{\"@type\":\"PropertyValueSpecification\",\"valueRequired\":true,\"valueName\":\"search_term_string\"}}],\"inLanguage\":\"it-IT\"},{\"@type\":\"Organization\",\"@id\":\"https:\\\/\\\/oko-swiss.ch\\\/#organization\",\"name\":\"Gourde filtrante\",\"url\":\"https:\\\/\\\/oko-swiss.ch\\\/\",\"logo\":{\"@type\":\"ImageObject\",\"inLanguage\":\"it-IT\",\"@id\":\"https:\\\/\\\/oko-swiss.ch\\\/#\\\/schema\\\/logo\\\/image\\\/\",\"url\":\"https:\\\/\\\/oko-swiss.ch\\\/wp-content\\\/uploads\\\/2023\\\/11\\\/Oko-Swiss-01.png\",\"contentUrl\":\"https:\\\/\\\/oko-swiss.ch\\\/wp-content\\\/uploads\\\/2023\\\/11\\\/Oko-Swiss-01.png\",\"width\":2560,\"height\":1978,\"caption\":\"Gourde filtrante\"},\"image\":{\"@id\":\"https:\\\/\\\/oko-swiss.ch\\\/#\\\/schema\\\/logo\\\/image\\\/\"},\"sameAs\":[\"https:\\\/\\\/www.facebook.com\\\/profile.php?id=61553929983457\"]}]}<\/script>\n<!-- \/ Yoast SEO plugin. -->","yoast_head_json":{"title":"Note legali - \u00d6KO","robots":{"index":"index","follow":"follow","max-snippet":"max-snippet:-1","max-image-preview":"max-image-preview:large","max-video-preview":"max-video-preview:-1"},"canonical":"https:\/\/oko-swiss.ch\/mentions-legales\/","og_locale":"it_IT","og_type":"article","og_title":"Note legali - \u00d6KO","og_description":"Note legali Dati di contatto dell&#8217;azienda \u00a0 \u00d6ko Suisse \u00e8 pubblicato sotto \u00a0 Cool-ness S\u00e0rl \u00a0 Chemin des Ch\u00eanes 16, 2072 St-Blaise Svizzera. \u00a0 Webmaster del sito: Valentino Pedone, raggiungibile via mail all&#8217;indirizzo info@theiceberg.ch \u00a0 Host del sito: Infomaniak, che \u00e8 domiciliato Rue Eug\u00e8ne-Marziano 25 1227 Les Acacias e raggiungibile telefonicamente al +4184455155 \u00a0 Propriet\u00e0 [&hellip;]","og_url":"https:\/\/oko-swiss.ch\/mentions-legales\/","og_site_name":"\u00d6KO","article_publisher":"https:\/\/www.facebook.com\/profile.php?id=61553929983457","article_modified_time":"2025-02-09T10:15:04+00:00","twitter_card":"summary_large_image","twitter_misc":{"Tempo di lettura stimato":"6 minuti"},"schema":{"@context":"https:\/\/schema.org","@graph":[{"@type":"WebPage","@id":"https:\/\/oko-swiss.ch\/mentions-legales\/","url":"https:\/\/oko-swiss.ch\/mentions-legales\/","name":"Note legali - \u00d6KO","isPartOf":{"@id":"https:\/\/oko-swiss.ch\/#website"},"datePublished":"2023-12-15T13:50:50+00:00","dateModified":"2025-02-09T10:15:04+00:00","breadcrumb":{"@id":"https:\/\/oko-swiss.ch\/mentions-legales\/#breadcrumb"},"inLanguage":"it-IT","potentialAction":[{"@type":"ReadAction","target":["https:\/\/oko-swiss.ch\/mentions-legales\/"]}]},{"@type":"BreadcrumbList","@id":"https:\/\/oko-swiss.ch\/mentions-legales\/#breadcrumb","itemListElement":[{"@type":"ListItem","position":1,"name":"Accueil","item":"https:\/\/oko-swiss.ch\/"},{"@type":"ListItem","position":2,"name":"Note legali"}]},{"@type":"WebSite","@id":"https:\/\/oko-swiss.ch\/#website","url":"https:\/\/oko-swiss.ch\/","name":"\u00d6KO Swiss","description":"Gourde Filtrante \u00c9co-responsable","publisher":{"@id":"https:\/\/oko-swiss.ch\/#organization"},"potentialAction":[{"@type":"SearchAction","target":{"@type":"EntryPoint","urlTemplate":"https:\/\/oko-swiss.ch\/?s={search_term_string}"},"query-input":{"@type":"PropertyValueSpecification","valueRequired":true,"valueName":"search_term_string"}}],"inLanguage":"it-IT"},{"@type":"Organization","@id":"https:\/\/oko-swiss.ch\/#organization","name":"Gourde filtrante","url":"https:\/\/oko-swiss.ch\/","logo":{"@type":"ImageObject","inLanguage":"it-IT","@id":"https:\/\/oko-swiss.ch\/#\/schema\/logo\/image\/","url":"https:\/\/oko-swiss.ch\/wp-content\/uploads\/2023\/11\/Oko-Swiss-01.png","contentUrl":"https:\/\/oko-swiss.ch\/wp-content\/uploads\/2023\/11\/Oko-Swiss-01.png","width":2560,"height":1978,"caption":"Gourde filtrante"},"image":{"@id":"https:\/\/oko-swiss.ch\/#\/schema\/logo\/image\/"},"sameAs":["https:\/\/www.facebook.com\/profile.php?id=61553929983457"]}]}},"_links":{"self":[{"href":"https:\/\/oko-swiss.ch\/it\/wp-json\/wp\/v2\/pages\/3301","targetHints":{"allow":["GET"]}}],"collection":[{"href":"https:\/\/oko-swiss.ch\/it\/wp-json\/wp\/v2\/pages"}],"about":[{"href":"https:\/\/oko-swiss.ch\/it\/wp-json\/wp\/v2\/types\/page"}],"author":[{"embeddable":true,"href":"https:\/\/oko-swiss.ch\/it\/wp-json\/wp\/v2\/users\/1"}],"replies":[{"embeddable":true,"href":"https:\/\/oko-swiss.ch\/it\/wp-json\/wp\/v2\/comments?post=3301"}],"version-history":[{"count":4,"href":"https:\/\/oko-swiss.ch\/it\/wp-json\/wp\/v2\/pages\/3301\/revisions"}],"predecessor-version":[{"id":5036,"href":"https:\/\/oko-swiss.ch\/it\/wp-json\/wp\/v2\/pages\/3301\/revisions\/5036"}],"wp:attachment":[{"href":"https:\/\/oko-swiss.ch\/it\/wp-json\/wp\/v2\/media?parent=3301"}],"curies":[{"name":"wp","href":"https:\/\/api.w.org\/{rel}","templated":true}]}}