{"id":4870,"date":"2025-01-11T14:42:25","date_gmt":"2025-01-11T13:42:25","guid":{"rendered":"https:\/\/oko-swiss.ch\/product\/kit-di-filtrazione-l3\/"},"modified":"2025-02-14T15:41:20","modified_gmt":"2025-02-14T14:41:20","slug":"kit-di-filtrazione-l3","status":"publish","type":"product","link":"https:\/\/oko-swiss.ch\/it\/prodotto\/kit-di-filtrazione-l3\/","title":{"rendered":"Kit di Filtrazione L3"},"content":{"rendered":"<p>Il <strong>Kit di Filtrazione L3 \u00d6KO<\/strong> \u00e8 un sistema di filtraggio dell&#8217;acqua altamente efficiente, leggero e compatto. Progettato per gli amanti delle attivit\u00e0 all&#8217;aperto, consente di bere direttamente l&#8217;acqua di fiumi, laghi e altre fonti di acqua dolce, ideale per escursioni, campeggi o situazioni di emergenza.<\/p>\n<ul>\n<li><strong>Peso ultra-leggero<\/strong>: solo <strong>58 grammi<\/strong>.<\/li>\n<li><strong>Capacit\u00e0 di filtrazione<\/strong>: fino a <strong>1.000 litri di acqua<\/strong>, a condizione che il filtro venga risciacquato accuratamente dopo ogni utilizzo.<\/li>\n<li><strong>Tecnologia avanzata<\/strong>: dotato di una membrana a fibre cave che elimina:\n<ul>\n<li><strong>99,999% dei batteri<\/strong> (es.: E. coli),<\/li>\n<li><strong>99,9% di parassiti e protozoi<\/strong> (come Giardia lamblia e Cryptosporidium),<\/li>\n<li>e virus di dimensioni pari o superiori a <strong>0,1 micron<\/strong>.<\/li>\n<\/ul>\n<\/li>\n<\/ul>\n<p>Scopri una delle prime borracce con <strong>funzione a pressione<\/strong>, dotata di un filtro a fibre cave da <strong>0,1 micron<\/strong>, progettata per offrire un livello di filtrazione estremo.<\/p>\n<h3>Ideale per gli avventurieri<\/h3>\n<p>Il filtro <strong>L3 \u00d6KO<\/strong> \u00e8 perfetto per i viaggiatori audaci che esplorano regioni remote o paesi dove la qualit\u00e0 dell&#8217;acqua \u00e8 incerta. Progettato per trattare anche le acque pi\u00f9 contaminate, garantisce una sicurezza e una purezza senza pari, anche nelle condizioni pi\u00f9 difficili.<\/p>\n","protected":false},"excerpt":{"rendered":"<p>Il Kit di Filtrazione L3 \u00d6KO \u00e8 un sistema di filtraggio dell&#8217;acqua altamente efficiente, leggero e compatto. Progettato per gli amanti delle attivit\u00e0 all&#8217;aperto, consente di bere direttamente l&#8217;acqua di fiumi, laghi e altre fonti di acqua dolce, ideale per escursioni, campeggi o situazioni di emergenza. Peso ultra-leggero: solo 58 grammi. Capacit\u00e0 di filtrazione: fino [&hellip;]<\/p>\n","protected":false},"featured_media":5104,"comment_status":"open","ping_status":"closed","template":"","meta":{"_acf_changed":false},"product_brand":[],"product_cat":[],"product_tag":[],"class_list":{"0":"post-4870","1":"product","2":"type-product","3":"status-publish","4":"has-post-thumbnail","7":"first","8":"instock","9":"taxable","10":"shipping-taxable","11":"purchasable","12":"product-type-simple"},"acf":[],"yoast_head":"<!-- This site is optimized with the Yoast SEO plugin v27.5 - https:\/\/yoast.com\/product\/yoast-seo-wordpress\/ -->\n<title>Kit di Filtrazione L3 - \u00d6KO<\/title>\n<meta name=\"robots\" content=\"index, follow, max-snippet:-1, max-image-preview:large, max-video-preview:-1\" \/>\n<link rel=\"canonical\" href=\"https:\/\/oko-swiss.ch\/it\/prodotto\/kit-di-filtrazione-l3\/\" \/>\n<meta property=\"og:locale\" content=\"it_IT\" \/>\n<meta property=\"og:type\" content=\"article\" \/>\n<meta property=\"og:title\" content=\"Kit di Filtrazione L3 - \u00d6KO\" \/>\n<meta property=\"og:description\" content=\"Il Kit di Filtrazione L3 \u00d6KO \u00e8 un sistema di filtraggio dell&#8217;acqua altamente efficiente, leggero e compatto. Progettato per gli amanti delle attivit\u00e0 all&#8217;aperto, consente di bere direttamente l&#8217;acqua di fiumi, laghi e altre fonti di acqua dolce, ideale per escursioni, campeggi o situazioni di emergenza. Peso ultra-leggero: solo 58 grammi. Capacit\u00e0 di filtrazione: fino [&hellip;]\" \/>\n<meta property=\"og:url\" content=\"https:\/\/oko-swiss.ch\/it\/prodotto\/kit-di-filtrazione-l3\/\" \/>\n<meta property=\"og:site_name\" content=\"\u00d6KO\" \/>\n<meta property=\"article:publisher\" content=\"https:\/\/www.facebook.com\/profile.php?id=61553929983457\" \/>\n<meta property=\"article:modified_time\" content=\"2025-02-14T14:41:20+00:00\" \/>\n<meta property=\"og:image\" content=\"https:\/\/oko-swiss.ch\/wp-content\/uploads\/2025\/01\/Filtre_L3_Oko_swiss.png\" \/>\n\t<meta property=\"og:image:width\" content=\"800\" \/>\n\t<meta property=\"og:image:height\" content=\"800\" \/>\n\t<meta property=\"og:image:type\" content=\"image\/png\" \/>\n<meta name=\"twitter:card\" content=\"summary_large_image\" \/>\n<meta name=\"twitter:label1\" content=\"Tempo di lettura stimato\" \/>\n\t<meta name=\"twitter:data1\" content=\"1 minuto\" \/>\n<script type=\"application\/ld+json\" class=\"yoast-schema-graph\">{\"@context\":\"https:\\\/\\\/schema.org\",\"@graph\":[{\"@type\":\"WebPage\",\"@id\":\"https:\\\/\\\/oko-swiss.ch\\\/it\\\/prodotto\\\/kit-di-filtrazione-l3\\\/\",\"url\":\"https:\\\/\\\/oko-swiss.ch\\\/it\\\/prodotto\\\/kit-di-filtrazione-l3\\\/\",\"name\":\"Kit di Filtrazione L3 - \u00d6KO\",\"isPartOf\":{\"@id\":\"https:\\\/\\\/oko-swiss.ch\\\/#website\"},\"primaryImageOfPage\":{\"@id\":\"https:\\\/\\\/oko-swiss.ch\\\/it\\\/prodotto\\\/kit-di-filtrazione-l3\\\/#primaryimage\"},\"image\":{\"@id\":\"https:\\\/\\\/oko-swiss.ch\\\/it\\\/prodotto\\\/kit-di-filtrazione-l3\\\/#primaryimage\"},\"thumbnailUrl\":\"https:\\\/\\\/oko-swiss.ch\\\/wp-content\\\/uploads\\\/2025\\\/01\\\/Filtre_L3_Oko_swiss.png\",\"datePublished\":\"2025-01-11T13:42:25+00:00\",\"dateModified\":\"2025-02-14T14:41:20+00:00\",\"breadcrumb\":{\"@id\":\"https:\\\/\\\/oko-swiss.ch\\\/it\\\/prodotto\\\/kit-di-filtrazione-l3\\\/#breadcrumb\"},\"inLanguage\":\"it-IT\",\"potentialAction\":[{\"@type\":\"ReadAction\",\"target\":[\"https:\\\/\\\/oko-swiss.ch\\\/it\\\/prodotto\\\/kit-di-filtrazione-l3\\\/\"]}]},{\"@type\":\"ImageObject\",\"inLanguage\":\"it-IT\",\"@id\":\"https:\\\/\\\/oko-swiss.ch\\\/it\\\/prodotto\\\/kit-di-filtrazione-l3\\\/#primaryimage\",\"url\":\"https:\\\/\\\/oko-swiss.ch\\\/wp-content\\\/uploads\\\/2025\\\/01\\\/Filtre_L3_Oko_swiss.png\",\"contentUrl\":\"https:\\\/\\\/oko-swiss.ch\\\/wp-content\\\/uploads\\\/2025\\\/01\\\/Filtre_L3_Oko_swiss.png\",\"width\":800,\"height\":800},{\"@type\":\"BreadcrumbList\",\"@id\":\"https:\\\/\\\/oko-swiss.ch\\\/it\\\/prodotto\\\/kit-di-filtrazione-l3\\\/#breadcrumb\",\"itemListElement\":[{\"@type\":\"ListItem\",\"position\":1,\"name\":\"Accueil\",\"item\":\"https:\\\/\\\/oko-swiss.ch\\\/\"},{\"@type\":\"ListItem\",\"position\":2,\"name\":\"Negozio\",\"item\":\"https:\\\/\\\/oko-swiss.ch\\\/boutique-oko-swiss\\\/\"},{\"@type\":\"ListItem\",\"position\":3,\"name\":\"Kit di Filtrazione L3\"}]},{\"@type\":\"WebSite\",\"@id\":\"https:\\\/\\\/oko-swiss.ch\\\/#website\",\"url\":\"https:\\\/\\\/oko-swiss.ch\\\/\",\"name\":\"\u00d6KO Swiss\",\"description\":\"Gourde Filtrante \u00c9co-responsable\",\"publisher\":{\"@id\":\"https:\\\/\\\/oko-swiss.ch\\\/#organization\"},\"potentialAction\":[{\"@type\":\"SearchAction\",\"target\":{\"@type\":\"EntryPoint\",\"urlTemplate\":\"https:\\\/\\\/oko-swiss.ch\\\/?s={search_term_string}\"},\"query-input\":{\"@type\":\"PropertyValueSpecification\",\"valueRequired\":true,\"valueName\":\"search_term_string\"}}],\"inLanguage\":\"it-IT\"},{\"@type\":\"Organization\",\"@id\":\"https:\\\/\\\/oko-swiss.ch\\\/#organization\",\"name\":\"Gourde filtrante\",\"url\":\"https:\\\/\\\/oko-swiss.ch\\\/\",\"logo\":{\"@type\":\"ImageObject\",\"inLanguage\":\"it-IT\",\"@id\":\"https:\\\/\\\/oko-swiss.ch\\\/#\\\/schema\\\/logo\\\/image\\\/\",\"url\":\"https:\\\/\\\/oko-swiss.ch\\\/wp-content\\\/uploads\\\/2023\\\/11\\\/Oko-Swiss-01.png\",\"contentUrl\":\"https:\\\/\\\/oko-swiss.ch\\\/wp-content\\\/uploads\\\/2023\\\/11\\\/Oko-Swiss-01.png\",\"width\":2560,\"height\":1978,\"caption\":\"Gourde filtrante\"},\"image\":{\"@id\":\"https:\\\/\\\/oko-swiss.ch\\\/#\\\/schema\\\/logo\\\/image\\\/\"},\"sameAs\":[\"https:\\\/\\\/www.facebook.com\\\/profile.php?id=61553929983457\"]}]}<\/script>\n<!-- \/ Yoast SEO plugin. -->","yoast_head_json":{"title":"Kit di Filtrazione L3 - \u00d6KO","robots":{"index":"index","follow":"follow","max-snippet":"max-snippet:-1","max-image-preview":"max-image-preview:large","max-video-preview":"max-video-preview:-1"},"canonical":"https:\/\/oko-swiss.ch\/it\/prodotto\/kit-di-filtrazione-l3\/","og_locale":"it_IT","og_type":"article","og_title":"Kit di Filtrazione L3 - \u00d6KO","og_description":"Il Kit di Filtrazione L3 \u00d6KO \u00e8 un sistema di filtraggio dell&#8217;acqua altamente efficiente, leggero e compatto. Progettato per gli amanti delle attivit\u00e0 all&#8217;aperto, consente di bere direttamente l&#8217;acqua di fiumi, laghi e altre fonti di acqua dolce, ideale per escursioni, campeggi o situazioni di emergenza. Peso ultra-leggero: solo 58 grammi. Capacit\u00e0 di filtrazione: fino [&hellip;]","og_url":"https:\/\/oko-swiss.ch\/it\/prodotto\/kit-di-filtrazione-l3\/","og_site_name":"\u00d6KO","article_publisher":"https:\/\/www.facebook.com\/profile.php?id=61553929983457","article_modified_time":"2025-02-14T14:41:20+00:00","og_image":[{"width":800,"height":800,"url":"https:\/\/oko-swiss.ch\/wp-content\/uploads\/2025\/01\/Filtre_L3_Oko_swiss.png","type":"image\/png"}],"twitter_card":"summary_large_image","twitter_misc":{"Tempo di lettura stimato":"1 minuto"},"schema":{"@context":"https:\/\/schema.org","@graph":[{"@type":"WebPage","@id":"https:\/\/oko-swiss.ch\/it\/prodotto\/kit-di-filtrazione-l3\/","url":"https:\/\/oko-swiss.ch\/it\/prodotto\/kit-di-filtrazione-l3\/","name":"Kit di Filtrazione L3 - \u00d6KO","isPartOf":{"@id":"https:\/\/oko-swiss.ch\/#website"},"primaryImageOfPage":{"@id":"https:\/\/oko-swiss.ch\/it\/prodotto\/kit-di-filtrazione-l3\/#primaryimage"},"image":{"@id":"https:\/\/oko-swiss.ch\/it\/prodotto\/kit-di-filtrazione-l3\/#primaryimage"},"thumbnailUrl":"https:\/\/oko-swiss.ch\/wp-content\/uploads\/2025\/01\/Filtre_L3_Oko_swiss.png","datePublished":"2025-01-11T13:42:25+00:00","dateModified":"2025-02-14T14:41:20+00:00","breadcrumb":{"@id":"https:\/\/oko-swiss.ch\/it\/prodotto\/kit-di-filtrazione-l3\/#breadcrumb"},"inLanguage":"it-IT","potentialAction":[{"@type":"ReadAction","target":["https:\/\/oko-swiss.ch\/it\/prodotto\/kit-di-filtrazione-l3\/"]}]},{"@type":"ImageObject","inLanguage":"it-IT","@id":"https:\/\/oko-swiss.ch\/it\/prodotto\/kit-di-filtrazione-l3\/#primaryimage","url":"https:\/\/oko-swiss.ch\/wp-content\/uploads\/2025\/01\/Filtre_L3_Oko_swiss.png","contentUrl":"https:\/\/oko-swiss.ch\/wp-content\/uploads\/2025\/01\/Filtre_L3_Oko_swiss.png","width":800,"height":800},{"@type":"BreadcrumbList","@id":"https:\/\/oko-swiss.ch\/it\/prodotto\/kit-di-filtrazione-l3\/#breadcrumb","itemListElement":[{"@type":"ListItem","position":1,"name":"Accueil","item":"https:\/\/oko-swiss.ch\/"},{"@type":"ListItem","position":2,"name":"Negozio","item":"https:\/\/oko-swiss.ch\/boutique-oko-swiss\/"},{"@type":"ListItem","position":3,"name":"Kit di Filtrazione L3"}]},{"@type":"WebSite","@id":"https:\/\/oko-swiss.ch\/#website","url":"https:\/\/oko-swiss.ch\/","name":"\u00d6KO Swiss","description":"Gourde Filtrante \u00c9co-responsable","publisher":{"@id":"https:\/\/oko-swiss.ch\/#organization"},"potentialAction":[{"@type":"SearchAction","target":{"@type":"EntryPoint","urlTemplate":"https:\/\/oko-swiss.ch\/?s={search_term_string}"},"query-input":{"@type":"PropertyValueSpecification","valueRequired":true,"valueName":"search_term_string"}}],"inLanguage":"it-IT"},{"@type":"Organization","@id":"https:\/\/oko-swiss.ch\/#organization","name":"Gourde filtrante","url":"https:\/\/oko-swiss.ch\/","logo":{"@type":"ImageObject","inLanguage":"it-IT","@id":"https:\/\/oko-swiss.ch\/#\/schema\/logo\/image\/","url":"https:\/\/oko-swiss.ch\/wp-content\/uploads\/2023\/11\/Oko-Swiss-01.png","contentUrl":"https:\/\/oko-swiss.ch\/wp-content\/uploads\/2023\/11\/Oko-Swiss-01.png","width":2560,"height":1978,"caption":"Gourde filtrante"},"image":{"@id":"https:\/\/oko-swiss.ch\/#\/schema\/logo\/image\/"},"sameAs":["https:\/\/www.facebook.com\/profile.php?id=61553929983457"]}]}},"_links":{"self":[{"href":"https:\/\/oko-swiss.ch\/it\/wp-json\/wp\/v2\/product\/4870","targetHints":{"allow":["GET"]}}],"collection":[{"href":"https:\/\/oko-swiss.ch\/it\/wp-json\/wp\/v2\/product"}],"about":[{"href":"https:\/\/oko-swiss.ch\/it\/wp-json\/wp\/v2\/types\/product"}],"replies":[{"embeddable":true,"href":"https:\/\/oko-swiss.ch\/it\/wp-json\/wp\/v2\/comments?post=4870"}],"wp:featuredmedia":[{"embeddable":true,"href":"https:\/\/oko-swiss.ch\/it\/wp-json\/wp\/v2\/media\/5104"}],"wp:attachment":[{"href":"https:\/\/oko-swiss.ch\/it\/wp-json\/wp\/v2\/media?parent=4870"}],"wp:term":[{"taxonomy":"product_brand","embeddable":true,"href":"https:\/\/oko-swiss.ch\/it\/wp-json\/wp\/v2\/product_brand?post=4870"},{"taxonomy":"product_cat","embeddable":true,"href":"https:\/\/oko-swiss.ch\/it\/wp-json\/wp\/v2\/product_cat?post=4870"},{"taxonomy":"product_tag","embeddable":true,"href":"https:\/\/oko-swiss.ch\/it\/wp-json\/wp\/v2\/product_tag?post=4870"}],"curies":[{"name":"wp","href":"https:\/\/api.w.org\/{rel}","templated":true}]}}