{"id":5162,"date":"2025-02-10T19:07:19","date_gmt":"2025-02-10T18:07:19","guid":{"rendered":"https:\/\/oko-swiss.ch\/product\/oko-cool-isotherme\/"},"modified":"2025-06-26T11:25:37","modified_gmt":"2025-06-26T09:25:37","slug":"oko-cool-isotherme","status":"publish","type":"product","link":"https:\/\/oko-swiss.ch\/it\/prodotto\/oko-cool-isotherme\/","title":{"rendered":"\u00d6ko Cool isotherme esaurito"},"content":{"rendered":"<p class=\"\" data-start=\"2365\" data-end=\"2417\"><strong data-start=\"2365\" data-end=\"2417\">OFFERTA SPECIALE: \u00d6KO Cool 600ml + Estensione\u00a0 <\/strong><\/p>\n<p class=\"\" data-start=\"2365\" data-end=\"2417\">Ricevi la tua \u00d6KO Cool 600ml completa, pi\u00f9 un corpo <strong>\u00a0<\/strong>per passare al formato classico<\/p>\n<p class=\"\" data-start=\"2365\" data-end=\"2417\"><strong data-start=\"2562\" data-end=\"2584\">Ricevi:<\/strong><br \/>\n\u2022 Una \u00d6KO Cool 600ml completa (bottiglia + testina filtrante),<br data-start=\"2647\" data-end=\"2650\" \/>\u2022 + Un corpo per passare facilmente al formato grande.<\/p>\n<p class=\"\" data-start=\"2712\" data-end=\"2876\"><strong data-start=\"2712\" data-end=\"2730\">Come funziona?<\/strong><br data-start=\"2730\" data-end=\"2733\" \/>Svita la testina dalla tua \u00d6KO Cool e avvitala sul corpo da <strong>650ml <\/strong> fornito:<br data-start=\"2804\" data-end=\"2807\" \/>Avrai una vera \u00d6KO classica, come quelle che vendiamo normalmente.<\/p>\n<p class=\"\" data-start=\"2878\" data-end=\"3199\"><strong data-start=\"2878\" data-end=\"2904\">Perch\u00e9 questa offerta?<\/strong><br data-start=\"2904\" data-end=\"2907\" \/>Questa \u00d6KO Cool fa parte della primissima produzione mondiale (Asia, Europa, Svizzera, Stati Uniti) e pu\u00f2 presentare piccoli difetti estetici o un rischio di perdita.<br data-start=\"3079\" data-end=\"3082\" \/>Per motivi di qualit\u00e0, abbiamo deciso di non vendere questa serie, ma di offrirla come bonus insieme alla tua \u00d6KO<\/p>\n<p class=\"\" data-start=\"3201\" data-end=\"3342\"><strong data-start=\"3201\" data-end=\"3216\">In sintesi:<\/strong><br data-start=\"3268\" data-end=\"3271\" \/>\u2022 Qui paghi\u00a0 e ricevi una \u00d6KO\u00a0 + una \u00d6KO Cool 600ml in omaggio!<\/p>\n<p class=\"\" data-start=\"3344\" data-end=\"3415\"><strong data-start=\"3344\" data-end=\"3368\">Condizioni speciali:<\/strong><br data-start=\"3368\" data-end=\"3371\" \/>\u2022 Scorte limitate.<br data-start=\"3389\" data-end=\"3392\" \/>\u2022 Nessun cambio o reso.<\/p>\n<p>Scoprite la nuova bottiglia \u00d6ko Cool: la bottiglia con filtro isotermico pi\u00f9 leggera al mondo, con un peso di soli 190 g. Perfetta per l&#8217;uso quotidiano, i viaggi, le escursioni o il ciclismo, mantiene fresca l&#8217;acqua o la bevanda preferita per un tempo compreso tra 5 e 7 ore, senza il peso di una bottiglia metallica isolata.<\/p>\n<p>Filtrazione ad alte prestazioni: \u00d6ko Cool filtra fino al 99,99% di batteri, virus, metalli pesanti, PFAS, pesticidi e molto altro. Il suo filtro resistente ha una capacit\u00e0 di 400 L e rimane compatibile con il modello originale.<\/p>\n<p>Massima versatilit\u00e0: il tappo \u00d6ko Cool si adatta al nostro filtro standard e a tutti i corpi delle borracce \u00d6ko per un&#8217;idratazione personalizzata.<\/p>\n<p>Specifiche tecniche :<\/p>\n<p>Peso: 190 g<br \/>\nCapacit\u00e0: 600 ml<br \/>\nFiltrazione: 400 L<\/p>\n","protected":false},"excerpt":{"rendered":"<p>OFFERTA SPECIALE: \u00d6KO Cool 600ml + Estensione\u00a0 Ricevi la tua \u00d6KO Cool 600ml completa, pi\u00f9 un corpo \u00a0per passare al formato classico Ricevi: \u2022 Una \u00d6KO Cool 600ml completa (bottiglia + testina filtrante),\u2022 + Un corpo per passare facilmente al formato grande. Come funziona?Svita la testina dalla tua \u00d6KO Cool e avvitala sul corpo da [&hellip;]<\/p>\n","protected":false},"featured_media":5058,"comment_status":"open","ping_status":"closed","template":"","meta":{"_acf_changed":false},"product_brand":[],"product_cat":[],"product_tag":[],"class_list":{"0":"post-5162","1":"product","2":"type-product","3":"status-publish","4":"has-post-thumbnail","7":"first","8":"outofstock","9":"taxable","10":"shipping-taxable","11":"purchasable","12":"product-type-simple"},"acf":[],"yoast_head":"<!-- This site is optimized with the Yoast SEO plugin v27.5 - https:\/\/yoast.com\/product\/yoast-seo-wordpress\/ -->\n<title>\u00d6ko Cool isotherme esaurito - \u00d6KO<\/title>\n<meta name=\"robots\" content=\"index, follow, max-snippet:-1, max-image-preview:large, max-video-preview:-1\" \/>\n<link rel=\"canonical\" href=\"https:\/\/oko-swiss.ch\/it\/prodotto\/oko-cool-isotherme\/\" \/>\n<meta property=\"og:locale\" content=\"it_IT\" \/>\n<meta property=\"og:type\" content=\"article\" \/>\n<meta property=\"og:title\" content=\"\u00d6ko Cool isotherme esaurito - \u00d6KO\" \/>\n<meta property=\"og:description\" content=\"OFFERTA SPECIALE: \u00d6KO Cool 600ml + Estensione\u00a0 Ricevi la tua \u00d6KO Cool 600ml completa, pi\u00f9 un corpo \u00a0per passare al formato classico Ricevi: \u2022 Una \u00d6KO Cool 600ml completa (bottiglia + testina filtrante),\u2022 + Un corpo per passare facilmente al formato grande. Come funziona?Svita la testina dalla tua \u00d6KO Cool e avvitala sul corpo da [&hellip;]\" \/>\n<meta property=\"og:url\" content=\"https:\/\/oko-swiss.ch\/it\/prodotto\/oko-cool-isotherme\/\" \/>\n<meta property=\"og:site_name\" content=\"\u00d6KO\" \/>\n<meta property=\"article:publisher\" content=\"https:\/\/www.facebook.com\/profile.php?id=61553929983457\" \/>\n<meta property=\"article:modified_time\" content=\"2025-06-26T09:25:37+00:00\" \/>\n<meta property=\"og:image\" content=\"https:\/\/oko-swiss.ch\/wp-content\/uploads\/2025\/02\/Gourde-filtrante-oko-cool-suisse.png\" \/>\n\t<meta property=\"og:image:width\" content=\"1200\" \/>\n\t<meta property=\"og:image:height\" content=\"1200\" \/>\n\t<meta property=\"og:image:type\" content=\"image\/png\" \/>\n<meta name=\"twitter:card\" content=\"summary_large_image\" \/>\n<meta name=\"twitter:label1\" content=\"Tempo di lettura stimato\" \/>\n\t<meta name=\"twitter:data1\" content=\"1 minuto\" \/>\n<script type=\"application\/ld+json\" class=\"yoast-schema-graph\">{\"@context\":\"https:\\\/\\\/schema.org\",\"@graph\":[{\"@type\":\"WebPage\",\"@id\":\"https:\\\/\\\/oko-swiss.ch\\\/it\\\/prodotto\\\/oko-cool-isotherme\\\/\",\"url\":\"https:\\\/\\\/oko-swiss.ch\\\/it\\\/prodotto\\\/oko-cool-isotherme\\\/\",\"name\":\"\u00d6ko Cool isotherme esaurito - \u00d6KO\",\"isPartOf\":{\"@id\":\"https:\\\/\\\/oko-swiss.ch\\\/#website\"},\"primaryImageOfPage\":{\"@id\":\"https:\\\/\\\/oko-swiss.ch\\\/it\\\/prodotto\\\/oko-cool-isotherme\\\/#primaryimage\"},\"image\":{\"@id\":\"https:\\\/\\\/oko-swiss.ch\\\/it\\\/prodotto\\\/oko-cool-isotherme\\\/#primaryimage\"},\"thumbnailUrl\":\"https:\\\/\\\/oko-swiss.ch\\\/wp-content\\\/uploads\\\/2025\\\/02\\\/Gourde-filtrante-oko-cool-suisse.png\",\"datePublished\":\"2025-02-10T18:07:19+00:00\",\"dateModified\":\"2025-06-26T09:25:37+00:00\",\"breadcrumb\":{\"@id\":\"https:\\\/\\\/oko-swiss.ch\\\/it\\\/prodotto\\\/oko-cool-isotherme\\\/#breadcrumb\"},\"inLanguage\":\"it-IT\",\"potentialAction\":[{\"@type\":\"ReadAction\",\"target\":[\"https:\\\/\\\/oko-swiss.ch\\\/it\\\/prodotto\\\/oko-cool-isotherme\\\/\"]}]},{\"@type\":\"ImageObject\",\"inLanguage\":\"it-IT\",\"@id\":\"https:\\\/\\\/oko-swiss.ch\\\/it\\\/prodotto\\\/oko-cool-isotherme\\\/#primaryimage\",\"url\":\"https:\\\/\\\/oko-swiss.ch\\\/wp-content\\\/uploads\\\/2025\\\/02\\\/Gourde-filtrante-oko-cool-suisse.png\",\"contentUrl\":\"https:\\\/\\\/oko-swiss.ch\\\/wp-content\\\/uploads\\\/2025\\\/02\\\/Gourde-filtrante-oko-cool-suisse.png\",\"width\":1200,\"height\":1200,\"caption\":\"Gourde filtrante\"},{\"@type\":\"BreadcrumbList\",\"@id\":\"https:\\\/\\\/oko-swiss.ch\\\/it\\\/prodotto\\\/oko-cool-isotherme\\\/#breadcrumb\",\"itemListElement\":[{\"@type\":\"ListItem\",\"position\":1,\"name\":\"Accueil\",\"item\":\"https:\\\/\\\/oko-swiss.ch\\\/\"},{\"@type\":\"ListItem\",\"position\":2,\"name\":\"Negozio\",\"item\":\"https:\\\/\\\/oko-swiss.ch\\\/boutique-oko-swiss\\\/\"},{\"@type\":\"ListItem\",\"position\":3,\"name\":\"\u00d6ko Cool isotherme esaurito\"}]},{\"@type\":\"WebSite\",\"@id\":\"https:\\\/\\\/oko-swiss.ch\\\/#website\",\"url\":\"https:\\\/\\\/oko-swiss.ch\\\/\",\"name\":\"\u00d6KO Swiss\",\"description\":\"Gourde Filtrante \u00c9co-responsable\",\"publisher\":{\"@id\":\"https:\\\/\\\/oko-swiss.ch\\\/#organization\"},\"potentialAction\":[{\"@type\":\"SearchAction\",\"target\":{\"@type\":\"EntryPoint\",\"urlTemplate\":\"https:\\\/\\\/oko-swiss.ch\\\/?s={search_term_string}\"},\"query-input\":{\"@type\":\"PropertyValueSpecification\",\"valueRequired\":true,\"valueName\":\"search_term_string\"}}],\"inLanguage\":\"it-IT\"},{\"@type\":\"Organization\",\"@id\":\"https:\\\/\\\/oko-swiss.ch\\\/#organization\",\"name\":\"Gourde filtrante\",\"url\":\"https:\\\/\\\/oko-swiss.ch\\\/\",\"logo\":{\"@type\":\"ImageObject\",\"inLanguage\":\"it-IT\",\"@id\":\"https:\\\/\\\/oko-swiss.ch\\\/#\\\/schema\\\/logo\\\/image\\\/\",\"url\":\"https:\\\/\\\/oko-swiss.ch\\\/wp-content\\\/uploads\\\/2023\\\/11\\\/Oko-Swiss-01.png\",\"contentUrl\":\"https:\\\/\\\/oko-swiss.ch\\\/wp-content\\\/uploads\\\/2023\\\/11\\\/Oko-Swiss-01.png\",\"width\":2560,\"height\":1978,\"caption\":\"Gourde filtrante\"},\"image\":{\"@id\":\"https:\\\/\\\/oko-swiss.ch\\\/#\\\/schema\\\/logo\\\/image\\\/\"},\"sameAs\":[\"https:\\\/\\\/www.facebook.com\\\/profile.php?id=61553929983457\"]}]}<\/script>\n<!-- \/ Yoast SEO plugin. -->","yoast_head_json":{"title":"\u00d6ko Cool isotherme esaurito - \u00d6KO","robots":{"index":"index","follow":"follow","max-snippet":"max-snippet:-1","max-image-preview":"max-image-preview:large","max-video-preview":"max-video-preview:-1"},"canonical":"https:\/\/oko-swiss.ch\/it\/prodotto\/oko-cool-isotherme\/","og_locale":"it_IT","og_type":"article","og_title":"\u00d6ko Cool isotherme esaurito - \u00d6KO","og_description":"OFFERTA SPECIALE: \u00d6KO Cool 600ml + Estensione\u00a0 Ricevi la tua \u00d6KO Cool 600ml completa, pi\u00f9 un corpo \u00a0per passare al formato classico Ricevi: \u2022 Una \u00d6KO Cool 600ml completa (bottiglia + testina filtrante),\u2022 + Un corpo per passare facilmente al formato grande. Come funziona?Svita la testina dalla tua \u00d6KO Cool e avvitala sul corpo da [&hellip;]","og_url":"https:\/\/oko-swiss.ch\/it\/prodotto\/oko-cool-isotherme\/","og_site_name":"\u00d6KO","article_publisher":"https:\/\/www.facebook.com\/profile.php?id=61553929983457","article_modified_time":"2025-06-26T09:25:37+00:00","og_image":[{"width":1200,"height":1200,"url":"https:\/\/oko-swiss.ch\/wp-content\/uploads\/2025\/02\/Gourde-filtrante-oko-cool-suisse.png","type":"image\/png"}],"twitter_card":"summary_large_image","twitter_misc":{"Tempo di lettura stimato":"1 minuto"},"schema":{"@context":"https:\/\/schema.org","@graph":[{"@type":"WebPage","@id":"https:\/\/oko-swiss.ch\/it\/prodotto\/oko-cool-isotherme\/","url":"https:\/\/oko-swiss.ch\/it\/prodotto\/oko-cool-isotherme\/","name":"\u00d6ko Cool isotherme esaurito - \u00d6KO","isPartOf":{"@id":"https:\/\/oko-swiss.ch\/#website"},"primaryImageOfPage":{"@id":"https:\/\/oko-swiss.ch\/it\/prodotto\/oko-cool-isotherme\/#primaryimage"},"image":{"@id":"https:\/\/oko-swiss.ch\/it\/prodotto\/oko-cool-isotherme\/#primaryimage"},"thumbnailUrl":"https:\/\/oko-swiss.ch\/wp-content\/uploads\/2025\/02\/Gourde-filtrante-oko-cool-suisse.png","datePublished":"2025-02-10T18:07:19+00:00","dateModified":"2025-06-26T09:25:37+00:00","breadcrumb":{"@id":"https:\/\/oko-swiss.ch\/it\/prodotto\/oko-cool-isotherme\/#breadcrumb"},"inLanguage":"it-IT","potentialAction":[{"@type":"ReadAction","target":["https:\/\/oko-swiss.ch\/it\/prodotto\/oko-cool-isotherme\/"]}]},{"@type":"ImageObject","inLanguage":"it-IT","@id":"https:\/\/oko-swiss.ch\/it\/prodotto\/oko-cool-isotherme\/#primaryimage","url":"https:\/\/oko-swiss.ch\/wp-content\/uploads\/2025\/02\/Gourde-filtrante-oko-cool-suisse.png","contentUrl":"https:\/\/oko-swiss.ch\/wp-content\/uploads\/2025\/02\/Gourde-filtrante-oko-cool-suisse.png","width":1200,"height":1200,"caption":"Gourde filtrante"},{"@type":"BreadcrumbList","@id":"https:\/\/oko-swiss.ch\/it\/prodotto\/oko-cool-isotherme\/#breadcrumb","itemListElement":[{"@type":"ListItem","position":1,"name":"Accueil","item":"https:\/\/oko-swiss.ch\/"},{"@type":"ListItem","position":2,"name":"Negozio","item":"https:\/\/oko-swiss.ch\/boutique-oko-swiss\/"},{"@type":"ListItem","position":3,"name":"\u00d6ko Cool isotherme esaurito"}]},{"@type":"WebSite","@id":"https:\/\/oko-swiss.ch\/#website","url":"https:\/\/oko-swiss.ch\/","name":"\u00d6KO Swiss","description":"Gourde Filtrante \u00c9co-responsable","publisher":{"@id":"https:\/\/oko-swiss.ch\/#organization"},"potentialAction":[{"@type":"SearchAction","target":{"@type":"EntryPoint","urlTemplate":"https:\/\/oko-swiss.ch\/?s={search_term_string}"},"query-input":{"@type":"PropertyValueSpecification","valueRequired":true,"valueName":"search_term_string"}}],"inLanguage":"it-IT"},{"@type":"Organization","@id":"https:\/\/oko-swiss.ch\/#organization","name":"Gourde filtrante","url":"https:\/\/oko-swiss.ch\/","logo":{"@type":"ImageObject","inLanguage":"it-IT","@id":"https:\/\/oko-swiss.ch\/#\/schema\/logo\/image\/","url":"https:\/\/oko-swiss.ch\/wp-content\/uploads\/2023\/11\/Oko-Swiss-01.png","contentUrl":"https:\/\/oko-swiss.ch\/wp-content\/uploads\/2023\/11\/Oko-Swiss-01.png","width":2560,"height":1978,"caption":"Gourde filtrante"},"image":{"@id":"https:\/\/oko-swiss.ch\/#\/schema\/logo\/image\/"},"sameAs":["https:\/\/www.facebook.com\/profile.php?id=61553929983457"]}]}},"_links":{"self":[{"href":"https:\/\/oko-swiss.ch\/it\/wp-json\/wp\/v2\/product\/5162","targetHints":{"allow":["GET"]}}],"collection":[{"href":"https:\/\/oko-swiss.ch\/it\/wp-json\/wp\/v2\/product"}],"about":[{"href":"https:\/\/oko-swiss.ch\/it\/wp-json\/wp\/v2\/types\/product"}],"replies":[{"embeddable":true,"href":"https:\/\/oko-swiss.ch\/it\/wp-json\/wp\/v2\/comments?post=5162"}],"wp:featuredmedia":[{"embeddable":true,"href":"https:\/\/oko-swiss.ch\/it\/wp-json\/wp\/v2\/media\/5058"}],"wp:attachment":[{"href":"https:\/\/oko-swiss.ch\/it\/wp-json\/wp\/v2\/media?parent=5162"}],"wp:term":[{"taxonomy":"product_brand","embeddable":true,"href":"https:\/\/oko-swiss.ch\/it\/wp-json\/wp\/v2\/product_brand?post=5162"},{"taxonomy":"product_cat","embeddable":true,"href":"https:\/\/oko-swiss.ch\/it\/wp-json\/wp\/v2\/product_cat?post=5162"},{"taxonomy":"product_tag","embeddable":true,"href":"https:\/\/oko-swiss.ch\/it\/wp-json\/wp\/v2\/product_tag?post=5162"}],"curies":[{"name":"wp","href":"https:\/\/api.w.org\/{rel}","templated":true}]}}